{"id":377,"date":"2025-12-03T08:23:09","date_gmt":"2025-12-03T08:23:09","guid":{"rendered":"https:\/\/pano.novae.website\/rgpd\/"},"modified":"2026-03-25T15:10:26","modified_gmt":"2026-03-25T15:10:26","slug":"rgpd","status":"publish","type":"page","link":"https:\/\/www.hotel-panoramic-luz.com\/es\/rgpd\/","title":{"rendered":"RGPD"},"content":{"rendered":"[vc_row type=\u00bbfull_width_content\u00bb full_screen_row_position=\u00bbmiddle\u00bb column_margin=\u00bbdefault\u00bb column_direction=\u00bbdefault\u00bb column_direction_tablet=\u00bbdefault\u00bb column_direction_phone=\u00bbdefault\u00bb scene_position=\u00bbcenter\u00bb top_padding=\u00bb4%\u00bb bottom_padding=\u00bb8%\u00bb left_padding_desktop=\u00bb60&#8243; constrain_group_2=\u00bbyes\u00bb right_padding_desktop=\u00bb60&#8243; left_padding_tablet=\u00bb18px\u00bb constrain_group_4=\u00bbyes\u00bb right_padding_tablet=\u00bb18px\u00bb text_color=\u00bbdark\u00bb text_align=\u00bbleft\u00bb row_border_radius=\u00bbnone\u00bb row_border_radius_applies=\u00bbbg\u00bb row_position_desktop=\u00bbdefault\u00bb row_position_tablet=\u00bbinherit\u00bb row_position_phone=\u00bbinherit\u00bb overflow=\u00bbvisible\u00bb overlay_strength=\u00bb0.3&#8243; gradient_direction=\u00bbleft_to_right\u00bb shape_divider_position=\u00bbbottom\u00bb bg_image_animation=\u00bbnone\u00bb gradient_type=\u00bbdefault\u00bb shape_type=\u00bb\u00bb][vc_column column_padding=\u00bbno-extra-padding\u00bb column_padding_tablet=\u00bbinherit\u00bb column_padding_phone=\u00bbinherit\u00bb column_padding_position=\u00bball\u00bb flex_gap_desktop=\u00bb10px\u00bb column_element_direction_desktop=\u00bbdefault\u00bb column_element_spacing=\u00bbdefault\u00bb desktop_text_alignment=\u00bbdefault\u00bb tablet_text_alignment=\u00bbdefault\u00bb phone_text_alignment=\u00bbdefault\u00bb background_color_opacity=\u00bb1&#8243; background_hover_color_opacity=\u00bb1&#8243; column_backdrop_filter=\u00bbnone\u00bb column_shadow=\u00bbnone\u00bb column_border_radius=\u00bbnone\u00bb column_link_target=\u00bb_self\u00bb column_position=\u00bbdefault\u00bb gradient_direction=\u00bbleft_to_right\u00bb overlay_strength=\u00bb0.3&#8243; width=\u00bb1\/1&#8243; tablet_width_inherit=\u00bbdefault\u00bb animation_type=\u00bbdefault\u00bb bg_image_animation=\u00bbnone\u00bb border_type=\u00bbsimple\u00bb column_border_width=\u00bbnone\u00bb column_border_style=\u00bbsolid\u00bb][vc_row_inner column_margin=\u00bbdefault\u00bb column_direction=\u00bbdefault\u00bb column_direction_tablet=\u00bbdefault\u00bb column_direction_phone=\u00bbdefault\u00bb text_align=\u00bbleft\u00bb row_position=\u00bbdefault\u00bb row_position_tablet=\u00bbinherit\u00bb row_position_phone=\u00bbinherit\u00bb overflow=\u00bbvisible\u00bb pointer_events=\u00bball\u00bb][vc_column_inner column_padding=\u00bbno-extra-padding\u00bb column_padding_tablet=\u00bbinherit\u00bb column_padding_phone=\u00bbinherit\u00bb column_padding_position=\u00bball\u00bb column_element_direction_desktop=\u00bbdefault\u00bb column_element_spacing=\u00bbdefault\u00bb centered_text=\u00bbtrue\u00bb desktop_text_alignment=\u00bbdefault\u00bb tablet_text_alignment=\u00bbdefault\u00bb phone_text_alignment=\u00bbdefault\u00bb background_color_opacity=\u00bb1&#8243; background_hover_color_opacity=\u00bb1&#8243; column_backdrop_filter=\u00bbnone\u00bb column_shadow=\u00bbnone\u00bb column_border_radius=\u00bbnone\u00bb column_link_target=\u00bb_self\u00bb overflow=\u00bbvisible\u00bb gradient_direction=\u00bbleft_to_right\u00bb overlay_strength=\u00bb0.3&#8243; width=\u00bb1\/1&#8243; tablet_width_inherit=\u00bbdefault\u00bb animation_type=\u00bbdefault\u00bb bg_image_animation=\u00bbnone\u00bb border_type=\u00bbsimple\u00bb column_border_width=\u00bbnone\u00bb column_border_style=\u00bbsolid\u00bb column_padding_type=\u00bbdefault\u00bb content_layout=\u00bbdefault\u00bb gradient_type=\u00bbdefault\u00bb][vc_column_text css=\u00bb\u00bb text_direction=\u00bbdefault\u00bb el_class=\u00bbintro_p\u00bb]\n<h1 style=\"text-align: center;\">Protecci\u00f3n de datos personales<\/h1>\n[\/vc_column_text][\/vc_column_inner][\/vc_row_inner][\/vc_column][\/vc_row][vc_row type=\u00bbfull_width_content\u00bb full_screen_row_position=\u00bbmiddle\u00bb column_margin=\u00bbdefault\u00bb column_direction=\u00bbdefault\u00bb column_direction_tablet=\u00bbdefault\u00bb column_direction_phone=\u00bbdefault\u00bb scene_position=\u00bbcenter\u00bb bottom_padding=\u00bb8%\u00bb left_padding_desktop=\u00bb60&#8243; constrain_group_2=\u00bbyes\u00bb right_padding_desktop=\u00bb60&#8243; left_padding_tablet=\u00bb18px\u00bb constrain_group_4=\u00bbyes\u00bb right_padding_tablet=\u00bb18px\u00bb text_color=\u00bbdark\u00bb text_align=\u00bbleft\u00bb row_border_radius=\u00bbnone\u00bb row_border_radius_applies=\u00bbbg\u00bb row_position_desktop=\u00bbdefault\u00bb row_position_tablet=\u00bbinherit\u00bb row_position_phone=\u00bbinherit\u00bb overflow=\u00bbvisible\u00bb overlay_strength=\u00bb0.3&#8243; gradient_direction=\u00bbleft_to_right\u00bb shape_divider_position=\u00bbbottom\u00bb bg_image_animation=\u00bbnone\u00bb gradient_type=\u00bbdefault\u00bb shape_type=\u00bb\u00bb][vc_column column_padding=\u00bbno-extra-padding\u00bb column_padding_tablet=\u00bbinherit\u00bb column_padding_phone=\u00bbinherit\u00bb column_padding_position=\u00bball\u00bb flex_gap_desktop=\u00bb10px\u00bb column_element_direction_desktop=\u00bbdefault\u00bb column_element_spacing=\u00bbdefault\u00bb desktop_text_alignment=\u00bbdefault\u00bb tablet_text_alignment=\u00bbdefault\u00bb phone_text_alignment=\u00bbdefault\u00bb background_color_opacity=\u00bb1&#8243; background_hover_color_opacity=\u00bb1&#8243; column_backdrop_filter=\u00bbnone\u00bb column_shadow=\u00bbnone\u00bb column_border_radius=\u00bbnone\u00bb column_link_target=\u00bb_self\u00bb column_position=\u00bbdefault\u00bb gradient_direction=\u00bbleft_to_right\u00bb overlay_strength=\u00bb0.3&#8243; width=\u00bb1\/1&#8243; tablet_width_inherit=\u00bbdefault\u00bb animation_type=\u00bbdefault\u00bb bg_image_animation=\u00bbnone\u00bb border_type=\u00bbsimple\u00bb column_border_width=\u00bbnone\u00bb column_border_style=\u00bbsolid\u00bb][vc_row_inner column_margin=\u00bbdefault\u00bb column_direction=\u00bbdefault\u00bb column_direction_tablet=\u00bbdefault\u00bb column_direction_phone=\u00bbdefault\u00bb bottom_padding=\u00bb4%\u00bb text_align=\u00bbleft\u00bb row_position=\u00bbdefault\u00bb row_position_tablet=\u00bbinherit\u00bb row_position_phone=\u00bbinherit\u00bb overflow=\u00bbvisible\u00bb pointer_events=\u00bball\u00bb][vc_column_inner right_padding_desktop=\u00bb5%\u00bb right_padding_tablet=\u00bb0&#8243; column_element_direction_desktop=\u00bbdefault\u00bb column_element_spacing=\u00bbdefault\u00bb desktop_text_alignment=\u00bbdefault\u00bb tablet_text_alignment=\u00bbdefault\u00bb phone_text_alignment=\u00bbdefault\u00bb background_color_opacity=\u00bb1&#8243; background_hover_color_opacity=\u00bb1&#8243; column_backdrop_filter=\u00bbnone\u00bb column_shadow=\u00bbnone\u00bb column_border_radius=\u00bbnone\u00bb column_link_target=\u00bb_self\u00bb overflow=\u00bbvisible\u00bb gradient_direction=\u00bbleft_to_right\u00bb overlay_strength=\u00bb0.3&#8243; width=\u00bb1\/1&#8243; tablet_width_inherit=\u00bbdefault\u00bb animation_type=\u00bbdefault\u00bb bg_image_animation=\u00bbnone\u00bb border_type=\u00bbsimple\u00bb column_border_width=\u00bbnone\u00bb column_border_style=\u00bbsolid\u00bb column_padding_type=\u00bbadvanced\u00bb content_layout=\u00bbdefault\u00bb gradient_type=\u00bbdefault\u00bb][vc_column_text css=\u00bb\u00bb text_direction=\u00bbdefault\u00bb]\n<p><strong>DATOS PERSONALES RECOPILADOS<\/strong><\/p>\n<p>En el sitio web se recopilan dos tipos de datos personales.<\/p>\n<p>www.hotel-panoramic-luz.com<\/p>\n<ul>\n<li>Datos introducidos y enviados mediante formularios<\/li>\n<li>Datos recopilados por la herramienta de medici\u00f3n de audiencia de Google Analytics.<\/li>\n<\/ul>\n<p><strong>RESPONSABLE DEL TRATAMIENTO<\/strong><\/p>\n<p>Los datos personales son recopilados en el sitio por la empresa HOTEL PANORAMIC ET DES BAINS, una empresa unipersonal cuyo domicilio social se encuentra en 30 AVENUE DE L&#8217;IMPERATRICE EUGENIE, 65120 LUZ-SAINT-SAUVEUR.<\/p>\n<p><strong>FINALIDAD DE LA RECOPILACI\u00d3N DE DATOS PERSONALES<\/strong><\/p>\n<p>La finalidad de la recopilaci\u00f3n de datos personales a trav\u00e9s de los distintos formularios del sitio web es:<\/p>\n<ul>\n<li>Contacte nuevamente a las personas que registraron una solicitud de informaci\u00f3n en el sitio.<\/li>\n<li>Permitir el env\u00edo de boletines informativos a trav\u00e9s de nuestros servicios.<\/li>\n<\/ul>\n<p>Al enviar el formulario y marcar las casillas de consentimiento correspondientes, el usuario acepta expresamente el tratamiento de sus datos personales para la finalidad de la relaci\u00f3n comercial.<\/p>\n<p>La finalidad de recopilar datos personales a trav\u00e9s de la herramienta de seguimiento de audiencia Google Analytics utilizada en el sitio es la siguiente:<\/p>\n<ul>\n<li>Analizar el comportamiento de los usuarios en el sitio web para medir su audiencia y mejorar su rendimiento.<\/li>\n<\/ul>\n<p>Google Analytics utiliza cookies de terceros para distinguir a los usuarios. Las cookies son archivos de texto que se instalan en los dispositivos de los usuarios. No contienen ninguna informaci\u00f3n que permita identificar personalmente al usuario, solo identificadores generados aleatoriamente.<\/p>\n<p>Al navegar por el sitio, el usuario acepta expresamente el tratamiento de los datos personales recogidos por Google Analytics con el fin de analizar el comportamiento del usuario y mejorar el rendimiento del sitio.<\/p>\n<p><strong>PERIODO DE CONSERVACI\u00d3N DE DATOS PERSONALES<\/strong><\/p>\n<p>Los datos recogidos a trav\u00e9s de los formularios se conservan durante un per\u00edodo de 2 a\u00f1os a partir de la fecha de env\u00edo del formulario.<\/p>\n<p>Las cookies utilizadas por la herramienta de medici\u00f3n de audiencia de Google Analytics tienen los siguientes periodos de validez:<\/p>\n<p>_ga: 2 a\u00f1os<br \/>\n_gid: 24 horas<br \/>\n_gat: 1 minuto<\/p>\n<p><strong>CONFIDENCIALIDAD DE LOS DATOS PERSONALES<\/strong><\/p>\n<p>Los datos personales que le conciernen y que se recogen en el sitio web www.hotel-panoramic-luz.com est\u00e1n destinados exclusivamente a la empresa HOTEL PANORAMIC ET DES BAINS y solo se utilizar\u00e1n en relaci\u00f3n con la solicitud realizada a trav\u00e9s del formulario.<\/p>\n<p>En ning\u00fan caso los datos personales introducidos y enviados en los formularios ser\u00e1n transmitidos, alquilados o vendidos a terceros.<\/p>\n<p><strong>UBICACI\u00d3N PARA EL ALMACENAMIENTO DE DATOS PERSONALES<\/strong><\/p>\n<p>Los servidores que alojan este sitio web se encuentran exclusivamente en Francia, dentro de la Uni\u00f3n Europea.<br \/>HOTEL PANORAMIC ET DES BAINS se compromete a no transferir ning\u00fan dato personal a ning\u00fan pa\u00eds fuera de la Uni\u00f3n Europea.<\/p>\n<p><strong>SEGURIDAD DE LOS DATOS PERSONALES<\/strong><\/p>\n<p>El sitio web est\u00e1 alojado en un servidor seguro.<\/p>\n<p>Todas las p\u00e1ginas est\u00e1n en modo seguro de tipo HTTPS, TLS 1.2 \/ RSA 2048 bits (SHA256withRSA). Se trata de un protocolo de seguridad que permite cifrar el contenido de los intercambios entre el navegador y los servidores de bases de datos. Esto impide que terceros puedan leer f\u00e1cilmente los datos personales introducidos y enviados a trav\u00e9s de formularios durante su transmisi\u00f3n.<\/p>\n<p>Sin embargo, ninguna transmisi\u00f3n ni almacenamiento de datos personales es completamente seguro. Por consiguiente, no podemos garantizar la seguridad infalible de la informaci\u00f3n transmitida o almacenada en los servidores de alojamiento.<\/p>\n<p><strong>RESPONSABLE DE PROTECCI\u00d3N DE DATOS<\/strong><\/p>\n<p>La Sra. St\u00e9phanie Marchand es la Responsable de Protecci\u00f3n de Datos (RPD) de la empresa HOTEL PANORAMIC ET DES BAINS. Es especialmente responsable de garantizar que las actividades de la empresa cumplan con el nuevo marco jur\u00eddico europeo del RGPD y de cooperar con la autoridad de control.<\/p>\n<p>Puede contactar con ellos <a href=\"https:\/\/www.hotel-panoramic-luz.com\/formulaire-rgpd\/\">mediante el formulario de contacto<\/a> o por correo postal a la siguiente direcci\u00f3n: HOTEL PANORAMIC ET DES BAINS, Responsable de Protecci\u00f3n de Datos \u2013 30 AVENUE DE L&#8217;IMPERATRICE EUGENIE, 65120 LUZ-SAINT-SAUVEUR<\/p>\n<p><strong>DERECHO DE ACCESO, RECTIFICACI\u00d3N O SUPRESI\u00d3N DE DATOS PERSONALES<\/strong><\/p>\n<p>De conformidad con la Ley francesa de protecci\u00f3n de datos de 6 de enero de 1978, en su versi\u00f3n modificada, y el Reglamento General de Protecci\u00f3n de Datos (RGPD) europeo 2016\/679, usted tiene derecho a acceder, rectificar y suprimir sus datos personales. Puede ejercer estos derechos <a href=\"https:\/\/www.hotel-panoramic-luz.com\/formulaire-rgpd\/\">utilizando el formulario de contacto<\/a> o enviando una carta a HOTEL PANORAMIC ET DES BAINS \u2013 30 AVENUE DE L&#8217;IMPERATRICE EUGENIE, 65120 LUZ-SAINT-SAUVEUR.<\/p>\n[\/vc_column_text][\/vc_column_inner][\/vc_row_inner][\/vc_column][\/vc_row]\n","protected":false},"excerpt":{"rendered":"<p>[vc_row type=\u00bbfull_width_content\u00bb full_screen_row_position=\u00bbmiddle\u00bb column_margin=\u00bbdefault\u00bb column_direction=\u00bbdefault\u00bb column_direction_tablet=\u00bbdefault\u00bb column_direction_phone=\u00bbdefault\u00bb scene_position=\u00bbcenter\u00bb top_padding=\u00bb4%\u00bb bottom_padding=\u00bb8%\u00bb left_padding_desktop=\u00bb60&#8243; constrain_group_2=\u00bbyes\u00bb right_padding_desktop=\u00bb60&#8243; left_padding_tablet=\u00bb18px\u00bb constrain_group_4=\u00bbyes\u00bb right_padding_tablet=\u00bb18px\u00bb text_color=\u00bbdark\u00bb text_align=\u00bbleft\u00bb row_border_radius=\u00bbnone\u00bb row_border_radius_applies=\u00bbbg\u00bb row_position_desktop=\u00bbdefault\u00bb row_position_tablet=\u00bbinherit\u00bb row_position_phone=\u00bbinherit\u00bb overflow=\u00bbvisible\u00bb overlay_strength=\u00bb0.3&#8243; gradient_direction=\u00bbleft_to_right\u00bb shape_divider_position=\u00bbbottom\u00bb bg_image_animation=\u00bbnone\u00bb gradient_type=\u00bbdefault\u00bb shape_type=\u00bb\u00bb][vc_column&#8230;<\/p>\n","protected":false},"author":1,"featured_media":0,"parent":0,"menu_order":0,"comment_status":"closed","ping_status":"closed","template":"","meta":{"inline_featured_image":false,"footnotes":""},"class_list":["post-377","page","type-page","status-publish"],"yoast_head":"<!-- This site is optimized with the Yoast SEO plugin v27.3 - https:\/\/yoast.com\/product\/yoast-seo-wordpress\/ -->\n<title>RGPD - H\u00f4tel Restaurant Panoramic &amp; des Bains<\/title>\n<meta name=\"robots\" content=\"index, follow, max-snippet:-1, max-image-preview:large, max-video-preview:-1\" \/>\n<link rel=\"canonical\" href=\"https:\/\/www.hotel-panoramic-luz.com\/es\/rgpd\/\" \/>\n<meta property=\"og:locale\" content=\"es_ES\" \/>\n<meta property=\"og:type\" content=\"article\" \/>\n<meta property=\"og:title\" content=\"RGPD - H\u00f4tel Restaurant Panoramic &amp; des Bains\" \/>\n<meta property=\"og:description\" content=\"[vc_row type=\u00bbfull_width_content\u00bb full_screen_row_position=\u00bbmiddle\u00bb column_margin=\u00bbdefault\u00bb column_direction=\u00bbdefault\u00bb column_direction_tablet=\u00bbdefault\u00bb column_direction_phone=\u00bbdefault\u00bb scene_position=\u00bbcenter\u00bb top_padding=\u00bb4%\u00bb bottom_padding=\u00bb8%\u00bb left_padding_desktop=\u00bb60&#8243; constrain_group_2=\u00bbyes\u00bb right_padding_desktop=\u00bb60&#8243; left_padding_tablet=\u00bb18px\u00bb constrain_group_4=\u00bbyes\u00bb right_padding_tablet=\u00bb18px\u00bb text_color=\u00bbdark\u00bb text_align=\u00bbleft\u00bb row_border_radius=\u00bbnone\u00bb row_border_radius_applies=\u00bbbg\u00bb row_position_desktop=\u00bbdefault\u00bb row_position_tablet=\u00bbinherit\u00bb row_position_phone=\u00bbinherit\u00bb overflow=\u00bbvisible\u00bb overlay_strength=\u00bb0.3&#8243; gradient_direction=\u00bbleft_to_right\u00bb shape_divider_position=\u00bbbottom\u00bb bg_image_animation=\u00bbnone\u00bb gradient_type=\u00bbdefault\u00bb shape_type=\u00bb\u00bb][vc_column...\" \/>\n<meta property=\"og:url\" content=\"https:\/\/www.hotel-panoramic-luz.com\/es\/rgpd\/\" \/>\n<meta property=\"og:site_name\" content=\"H\u00f4tel Restaurant Panoramic &amp; des Bains\" \/>\n<meta property=\"article:modified_time\" content=\"2026-03-25T15:10:26+00:00\" \/>\n<meta property=\"og:image\" content=\"https:\/\/www.hotel-panoramic-luz.com\/wp-content\/uploads\/2025\/12\/logo_hotel_panoramic-n.png\" \/>\n\t<meta property=\"og:image:width\" content=\"880\" \/>\n\t<meta property=\"og:image:height\" content=\"134\" \/>\n\t<meta property=\"og:image:type\" content=\"image\/png\" \/>\n<meta name=\"twitter:card\" content=\"summary_large_image\" \/>\n<meta name=\"twitter:label1\" content=\"Tiempo de lectura\" \/>\n\t<meta name=\"twitter:data1\" content=\"7 minutos\" \/>\n<script type=\"application\/ld+json\" class=\"yoast-schema-graph\">{\"@context\":\"https:\\\/\\\/schema.org\",\"@graph\":[{\"@type\":\"WebPage\",\"@id\":\"https:\\\/\\\/www.hotel-panoramic-luz.com\\\/es\\\/rgpd\\\/\",\"url\":\"https:\\\/\\\/www.hotel-panoramic-luz.com\\\/es\\\/rgpd\\\/\",\"name\":\"RGPD - H\u00f4tel Restaurant Panoramic &amp; des Bains\",\"isPartOf\":{\"@id\":\"https:\\\/\\\/www.hotel-panoramic-luz.com\\\/#website\"},\"datePublished\":\"2025-12-03T08:23:09+00:00\",\"dateModified\":\"2026-03-25T15:10:26+00:00\",\"breadcrumb\":{\"@id\":\"https:\\\/\\\/www.hotel-panoramic-luz.com\\\/es\\\/rgpd\\\/#breadcrumb\"},\"inLanguage\":\"es\",\"potentialAction\":[{\"@type\":\"ReadAction\",\"target\":[\"https:\\\/\\\/www.hotel-panoramic-luz.com\\\/es\\\/rgpd\\\/\"]}]},{\"@type\":\"BreadcrumbList\",\"@id\":\"https:\\\/\\\/www.hotel-panoramic-luz.com\\\/es\\\/rgpd\\\/#breadcrumb\",\"itemListElement\":[{\"@type\":\"ListItem\",\"position\":1,\"name\":\"Accueil\",\"item\":\"https:\\\/\\\/www.hotel-panoramic-luz.com\\\/es\\\/hotel-y-restorante-panoramic-des-bains\\\/\"},{\"@type\":\"ListItem\",\"position\":2,\"name\":\"RGPD\"}]},{\"@type\":\"WebSite\",\"@id\":\"https:\\\/\\\/www.hotel-panoramic-luz.com\\\/#website\",\"url\":\"https:\\\/\\\/www.hotel-panoramic-luz.com\\\/\",\"name\":\"H\u00f4tel Restaurant Panoramic & des Bains\",\"description\":\"H\u00f4tel Restaurant \u00e0 Luz-Saint-Sauveur\",\"publisher\":{\"@id\":\"https:\\\/\\\/www.hotel-panoramic-luz.com\\\/#organization\"},\"potentialAction\":[{\"@type\":\"SearchAction\",\"target\":{\"@type\":\"EntryPoint\",\"urlTemplate\":\"https:\\\/\\\/www.hotel-panoramic-luz.com\\\/?s={search_term_string}\"},\"query-input\":{\"@type\":\"PropertyValueSpecification\",\"valueRequired\":true,\"valueName\":\"search_term_string\"}}],\"inLanguage\":\"es\"},{\"@type\":\"Organization\",\"@id\":\"https:\\\/\\\/www.hotel-panoramic-luz.com\\\/#organization\",\"name\":\"H\u00f4tel Restaurant Panoramic & des Bains\",\"url\":\"https:\\\/\\\/www.hotel-panoramic-luz.com\\\/\",\"logo\":{\"@type\":\"ImageObject\",\"inLanguage\":\"es\",\"@id\":\"https:\\\/\\\/www.hotel-panoramic-luz.com\\\/#\\\/schema\\\/logo\\\/image\\\/\",\"url\":\"https:\\\/\\\/www.hotel-panoramic-luz.com\\\/wp-content\\\/uploads\\\/2025\\\/12\\\/logo_hotel_panoramic-n.png\",\"contentUrl\":\"https:\\\/\\\/www.hotel-panoramic-luz.com\\\/wp-content\\\/uploads\\\/2025\\\/12\\\/logo_hotel_panoramic-n.png\",\"width\":880,\"height\":134,\"caption\":\"H\u00f4tel Restaurant Panoramic & des Bains\"},\"image\":{\"@id\":\"https:\\\/\\\/www.hotel-panoramic-luz.com\\\/#\\\/schema\\\/logo\\\/image\\\/\"}}]}<\/script>\n<!-- \/ Yoast SEO plugin. -->","yoast_head_json":{"title":"RGPD - H\u00f4tel Restaurant Panoramic &amp; des Bains","robots":{"index":"index","follow":"follow","max-snippet":"max-snippet:-1","max-image-preview":"max-image-preview:large","max-video-preview":"max-video-preview:-1"},"canonical":"https:\/\/www.hotel-panoramic-luz.com\/es\/rgpd\/","og_locale":"es_ES","og_type":"article","og_title":"RGPD - H\u00f4tel Restaurant Panoramic &amp; des Bains","og_description":"[vc_row type=\u00bbfull_width_content\u00bb full_screen_row_position=\u00bbmiddle\u00bb column_margin=\u00bbdefault\u00bb column_direction=\u00bbdefault\u00bb column_direction_tablet=\u00bbdefault\u00bb column_direction_phone=\u00bbdefault\u00bb scene_position=\u00bbcenter\u00bb top_padding=\u00bb4%\u00bb bottom_padding=\u00bb8%\u00bb left_padding_desktop=\u00bb60&#8243; constrain_group_2=\u00bbyes\u00bb right_padding_desktop=\u00bb60&#8243; left_padding_tablet=\u00bb18px\u00bb constrain_group_4=\u00bbyes\u00bb right_padding_tablet=\u00bb18px\u00bb text_color=\u00bbdark\u00bb text_align=\u00bbleft\u00bb row_border_radius=\u00bbnone\u00bb row_border_radius_applies=\u00bbbg\u00bb row_position_desktop=\u00bbdefault\u00bb row_position_tablet=\u00bbinherit\u00bb row_position_phone=\u00bbinherit\u00bb overflow=\u00bbvisible\u00bb overlay_strength=\u00bb0.3&#8243; gradient_direction=\u00bbleft_to_right\u00bb shape_divider_position=\u00bbbottom\u00bb bg_image_animation=\u00bbnone\u00bb gradient_type=\u00bbdefault\u00bb shape_type=\u00bb\u00bb][vc_column...","og_url":"https:\/\/www.hotel-panoramic-luz.com\/es\/rgpd\/","og_site_name":"H\u00f4tel Restaurant Panoramic &amp; des Bains","article_modified_time":"2026-03-25T15:10:26+00:00","og_image":[{"width":880,"height":134,"url":"https:\/\/www.hotel-panoramic-luz.com\/wp-content\/uploads\/2025\/12\/logo_hotel_panoramic-n.png","type":"image\/png"}],"twitter_card":"summary_large_image","twitter_misc":{"Tiempo de lectura":"7 minutos"},"schema":{"@context":"https:\/\/schema.org","@graph":[{"@type":"WebPage","@id":"https:\/\/www.hotel-panoramic-luz.com\/es\/rgpd\/","url":"https:\/\/www.hotel-panoramic-luz.com\/es\/rgpd\/","name":"RGPD - H\u00f4tel Restaurant Panoramic &amp; des Bains","isPartOf":{"@id":"https:\/\/www.hotel-panoramic-luz.com\/#website"},"datePublished":"2025-12-03T08:23:09+00:00","dateModified":"2026-03-25T15:10:26+00:00","breadcrumb":{"@id":"https:\/\/www.hotel-panoramic-luz.com\/es\/rgpd\/#breadcrumb"},"inLanguage":"es","potentialAction":[{"@type":"ReadAction","target":["https:\/\/www.hotel-panoramic-luz.com\/es\/rgpd\/"]}]},{"@type":"BreadcrumbList","@id":"https:\/\/www.hotel-panoramic-luz.com\/es\/rgpd\/#breadcrumb","itemListElement":[{"@type":"ListItem","position":1,"name":"Accueil","item":"https:\/\/www.hotel-panoramic-luz.com\/es\/hotel-y-restorante-panoramic-des-bains\/"},{"@type":"ListItem","position":2,"name":"RGPD"}]},{"@type":"WebSite","@id":"https:\/\/www.hotel-panoramic-luz.com\/#website","url":"https:\/\/www.hotel-panoramic-luz.com\/","name":"H\u00f4tel Restaurant Panoramic & des Bains","description":"H\u00f4tel Restaurant \u00e0 Luz-Saint-Sauveur","publisher":{"@id":"https:\/\/www.hotel-panoramic-luz.com\/#organization"},"potentialAction":[{"@type":"SearchAction","target":{"@type":"EntryPoint","urlTemplate":"https:\/\/www.hotel-panoramic-luz.com\/?s={search_term_string}"},"query-input":{"@type":"PropertyValueSpecification","valueRequired":true,"valueName":"search_term_string"}}],"inLanguage":"es"},{"@type":"Organization","@id":"https:\/\/www.hotel-panoramic-luz.com\/#organization","name":"H\u00f4tel Restaurant Panoramic & des Bains","url":"https:\/\/www.hotel-panoramic-luz.com\/","logo":{"@type":"ImageObject","inLanguage":"es","@id":"https:\/\/www.hotel-panoramic-luz.com\/#\/schema\/logo\/image\/","url":"https:\/\/www.hotel-panoramic-luz.com\/wp-content\/uploads\/2025\/12\/logo_hotel_panoramic-n.png","contentUrl":"https:\/\/www.hotel-panoramic-luz.com\/wp-content\/uploads\/2025\/12\/logo_hotel_panoramic-n.png","width":880,"height":134,"caption":"H\u00f4tel Restaurant Panoramic & des Bains"},"image":{"@id":"https:\/\/www.hotel-panoramic-luz.com\/#\/schema\/logo\/image\/"}}]}},"_links":{"self":[{"href":"https:\/\/www.hotel-panoramic-luz.com\/es\/wp-json\/wp\/v2\/pages\/377","targetHints":{"allow":["GET"]}}],"collection":[{"href":"https:\/\/www.hotel-panoramic-luz.com\/es\/wp-json\/wp\/v2\/pages"}],"about":[{"href":"https:\/\/www.hotel-panoramic-luz.com\/es\/wp-json\/wp\/v2\/types\/page"}],"author":[{"embeddable":true,"href":"https:\/\/www.hotel-panoramic-luz.com\/es\/wp-json\/wp\/v2\/users\/1"}],"replies":[{"embeddable":true,"href":"https:\/\/www.hotel-panoramic-luz.com\/es\/wp-json\/wp\/v2\/comments?post=377"}],"version-history":[{"count":5,"href":"https:\/\/www.hotel-panoramic-luz.com\/es\/wp-json\/wp\/v2\/pages\/377\/revisions"}],"predecessor-version":[{"id":382,"href":"https:\/\/www.hotel-panoramic-luz.com\/es\/wp-json\/wp\/v2\/pages\/377\/revisions\/382"}],"wp:attachment":[{"href":"https:\/\/www.hotel-panoramic-luz.com\/es\/wp-json\/wp\/v2\/media?parent=377"}],"curies":[{"name":"wp","href":"https:\/\/api.w.org\/{rel}","templated":true}]}}