{"id":475,"date":"2026-04-08T12:07:18","date_gmt":"2026-04-08T12:07:18","guid":{"rendered":"https:\/\/pano.novae.website\/prices\/"},"modified":"2026-04-08T12:13:28","modified_gmt":"2026-04-08T12:13:28","slug":"prices","status":"publish","type":"page","link":"https:\/\/www.hotel-panoramic-luz.com\/en\/prices\/","title":{"rendered":"Prices"},"content":{"rendered":"[vc_row type=&#8221;full_width_content&#8221; full_screen_row_position=&#8221;middle&#8221; column_margin=&#8221;default&#8221; column_direction=&#8221;default&#8221; column_direction_tablet=&#8221;default&#8221; column_direction_phone=&#8221;default&#8221; scene_position=&#8221;center&#8221; top_padding=&#8221;4%&#8221; bottom_padding=&#8221;8%&#8221; left_padding_desktop=&#8221;60&#8243; constrain_group_2=&#8221;yes&#8221; right_padding_desktop=&#8221;60&#8243; left_padding_tablet=&#8221;18px&#8221; constrain_group_4=&#8221;yes&#8221; right_padding_tablet=&#8221;18px&#8221; text_color=&#8221;dark&#8221; text_align=&#8221;left&#8221; row_border_radius=&#8221;none&#8221; row_border_radius_applies=&#8221;bg&#8221; row_position_desktop=&#8221;default&#8221; row_position_tablet=&#8221;inherit&#8221; row_position_phone=&#8221;inherit&#8221; overflow=&#8221;visible&#8221; overlay_strength=&#8221;0.3&#8243; gradient_direction=&#8221;left_to_right&#8221; shape_divider_position=&#8221;bottom&#8221; bg_image_animation=&#8221;none&#8221; gradient_type=&#8221;default&#8221; shape_type=&#8221;&#8221;][vc_column column_padding=&#8221;no-extra-padding&#8221; column_padding_tablet=&#8221;inherit&#8221; column_padding_phone=&#8221;inherit&#8221; column_padding_position=&#8221;all&#8221; flex_gap_desktop=&#8221;10px&#8221; column_element_direction_desktop=&#8221;default&#8221; column_element_spacing=&#8221;default&#8221; desktop_text_alignment=&#8221;default&#8221; tablet_text_alignment=&#8221;default&#8221; phone_text_alignment=&#8221;default&#8221; background_color_opacity=&#8221;1&#8243; background_hover_color_opacity=&#8221;1&#8243; column_backdrop_filter=&#8221;none&#8221; column_shadow=&#8221;none&#8221; column_border_radius=&#8221;none&#8221; column_link_target=&#8221;_self&#8221; column_position=&#8221;default&#8221; gradient_direction=&#8221;left_to_right&#8221; overlay_strength=&#8221;0.3&#8243; width=&#8221;1\/1&#8243; tablet_width_inherit=&#8221;default&#8221; animation_type=&#8221;default&#8221; bg_image_animation=&#8221;none&#8221; border_type=&#8221;simple&#8221; column_border_width=&#8221;none&#8221; column_border_style=&#8221;solid&#8221;][vc_row_inner column_margin=&#8221;default&#8221; column_direction=&#8221;default&#8221; column_direction_tablet=&#8221;default&#8221; column_direction_phone=&#8221;default&#8221; text_align=&#8221;left&#8221; row_position=&#8221;default&#8221; row_position_tablet=&#8221;inherit&#8221; row_position_phone=&#8221;inherit&#8221; overflow=&#8221;visible&#8221; pointer_events=&#8221;all&#8221;][vc_column_inner column_padding=&#8221;no-extra-padding&#8221; column_padding_tablet=&#8221;inherit&#8221; column_padding_phone=&#8221;inherit&#8221; column_padding_position=&#8221;all&#8221; column_element_direction_desktop=&#8221;default&#8221; column_element_spacing=&#8221;default&#8221; centered_text=&#8221;true&#8221; desktop_text_alignment=&#8221;default&#8221; tablet_text_alignment=&#8221;default&#8221; phone_text_alignment=&#8221;default&#8221; background_color_opacity=&#8221;1&#8243; background_hover_color_opacity=&#8221;1&#8243; column_backdrop_filter=&#8221;none&#8221; column_shadow=&#8221;none&#8221; column_border_radius=&#8221;none&#8221; column_link_target=&#8221;_self&#8221; overflow=&#8221;visible&#8221; gradient_direction=&#8221;left_to_right&#8221; overlay_strength=&#8221;0.3&#8243; width=&#8221;1\/1&#8243; tablet_width_inherit=&#8221;default&#8221; animation_type=&#8221;default&#8221; bg_image_animation=&#8221;none&#8221; border_type=&#8221;simple&#8221; column_border_width=&#8221;none&#8221; column_border_style=&#8221;solid&#8221; column_padding_type=&#8221;default&#8221; content_layout=&#8221;default&#8221; gradient_type=&#8221;default&#8221;][vc_column_text css=&#8221;&#8221; text_direction=&#8221;default&#8221; el_class=&#8221;intro_p&#8221;]\n<p style=\"text-align: center;\"><span class=\"upper\">Opening &amp; special offers<\/span><\/p>\n<h1 style=\"text-align: center;\">Our prices<\/h1>\n[\/vc_column_text][\/vc_column_inner][\/vc_row_inner][\/vc_column][\/vc_row][vc_row type=&#8221;full_width_content&#8221; full_screen_row_position=&#8221;middle&#8221; column_margin=&#8221;default&#8221; column_direction=&#8221;default&#8221; column_direction_tablet=&#8221;default&#8221; column_direction_phone=&#8221;default&#8221; scene_position=&#8221;center&#8221; bottom_padding=&#8221;8%&#8221; left_padding_desktop=&#8221;60&#8243; constrain_group_2=&#8221;yes&#8221; right_padding_desktop=&#8221;60&#8243; left_padding_tablet=&#8221;18px&#8221; constrain_group_4=&#8221;yes&#8221; right_padding_tablet=&#8221;18px&#8221; text_color=&#8221;dark&#8221; text_align=&#8221;left&#8221; row_border_radius=&#8221;none&#8221; row_border_radius_applies=&#8221;bg&#8221; row_position_desktop=&#8221;default&#8221; row_position_tablet=&#8221;inherit&#8221; row_position_phone=&#8221;inherit&#8221; overflow=&#8221;visible&#8221; overlay_strength=&#8221;0.3&#8243; gradient_direction=&#8221;left_to_right&#8221; shape_divider_position=&#8221;bottom&#8221; bg_image_animation=&#8221;none&#8221; gradient_type=&#8221;default&#8221; shape_type=&#8221;&#8221;][vc_column column_padding=&#8221;no-extra-padding&#8221; column_padding_tablet=&#8221;inherit&#8221; column_padding_phone=&#8221;inherit&#8221; column_padding_position=&#8221;all&#8221; flex_gap_desktop=&#8221;10px&#8221; column_element_direction_desktop=&#8221;default&#8221; column_element_spacing=&#8221;default&#8221; desktop_text_alignment=&#8221;default&#8221; tablet_text_alignment=&#8221;default&#8221; phone_text_alignment=&#8221;default&#8221; background_color_opacity=&#8221;1&#8243; background_hover_color_opacity=&#8221;1&#8243; column_backdrop_filter=&#8221;none&#8221; column_shadow=&#8221;none&#8221; column_border_radius=&#8221;none&#8221; column_link_target=&#8221;_self&#8221; column_position=&#8221;default&#8221; gradient_direction=&#8221;left_to_right&#8221; overlay_strength=&#8221;0.3&#8243; width=&#8221;1\/1&#8243; tablet_width_inherit=&#8221;default&#8221; animation_type=&#8221;default&#8221; bg_image_animation=&#8221;none&#8221; border_type=&#8221;simple&#8221; column_border_width=&#8221;none&#8221; column_border_style=&#8221;solid&#8221;][vc_row_inner column_margin=&#8221;default&#8221; column_direction=&#8221;default&#8221; column_direction_tablet=&#8221;default&#8221; column_direction_phone=&#8221;default&#8221; bottom_padding=&#8221;4%&#8221; text_align=&#8221;left&#8221; row_position=&#8221;default&#8221; row_position_tablet=&#8221;inherit&#8221; row_position_phone=&#8221;inherit&#8221; overflow=&#8221;visible&#8221; pointer_events=&#8221;all&#8221;][vc_column_inner column_padding=&#8221;no-extra-padding&#8221; column_padding_tablet=&#8221;inherit&#8221; column_padding_phone=&#8221;inherit&#8221; column_padding_position=&#8221;all&#8221; column_element_direction_desktop=&#8221;default&#8221; column_element_spacing=&#8221;default&#8221; desktop_text_alignment=&#8221;default&#8221; tablet_text_alignment=&#8221;default&#8221; phone_text_alignment=&#8221;default&#8221; background_color_opacity=&#8221;1&#8243; background_hover_color_opacity=&#8221;1&#8243; column_backdrop_filter=&#8221;none&#8221; column_shadow=&#8221;none&#8221; column_border_radius=&#8221;none&#8221; column_link_target=&#8221;_self&#8221; overflow=&#8221;visible&#8221; gradient_direction=&#8221;left_to_right&#8221; overlay_strength=&#8221;0.3&#8243; width=&#8221;1\/2&#8243; tablet_width_inherit=&#8221;default&#8221; animation_type=&#8221;default&#8221; bg_image_animation=&#8221;none&#8221; border_type=&#8221;simple&#8221; column_border_width=&#8221;none&#8221; column_border_style=&#8221;solid&#8221; column_padding_type=&#8221;default&#8221; content_layout=&#8221;default&#8221; gradient_type=&#8221;default&#8221;][vc_column_text css=&#8221;&#8221; text_direction=&#8221;default&#8221;]\n<p style=\"text-align: left;\"><span class=\"upper\" style=\"text-align: left;\">summer &amp; winter<\/span><\/p>\n<h2 style=\"text-align: left;\">Opening periods<\/h2>\n[\/vc_column_text][vc_column_text css=&#8221;&#8221; text_direction=&#8221;default&#8221;]\n<ul>\n<li>Winter: from December 20, 2025 to March 29, 2025: weekends and school holidays<\/li>\n<li>Summer: from May 8th to the end of September 2026<\/li>\n<li>Single room for 2 to 5 people: \u20ac98 to \u20ac138 per night (double room: from \u20ac98 to \u20ac1278 per night) <\/li>\n<\/ul>\n<p>Breakfast: \u20ac11 (sweet and savory options (ham\/cheese\/egg))<\/p>\n<p>Packed lunch available (advance booking required) at a price of \u20ac10.00<\/p>\n<p>If you wish to stay on a full or half-board basis, here is the price range based on a room occupied by 2 people:<\/p>\n<ul>\n<li>Half board: from \u20ac80\/day\/person to \u20ac90\/day\/person. <\/li>\n<li>Price for 1 person spa guest: please contact us<\/li>\n<\/ul>\n<p>Drinks not included.<\/p>\n<p>Tourist tax not included: \u20ac1.57\/day\/person[\/vc_column_text][\/vc_column_inner][vc_column_inner column_padding=&#8221;no-extra-padding&#8221; column_padding_tablet=&#8221;inherit&#8221; column_padding_phone=&#8221;inherit&#8221; column_padding_position=&#8221;all&#8221; flex_gap_desktop=&#8221;10px&#8221; column_element_direction_desktop=&#8221;default&#8221; column_element_spacing=&#8221;default&#8221; desktop_text_alignment=&#8221;default&#8221; tablet_text_alignment=&#8221;default&#8221; phone_text_alignment=&#8221;default&#8221; background_color_opacity=&#8221;1&#8243; background_hover_color_opacity=&#8221;1&#8243; column_backdrop_filter=&#8221;none&#8221; column_shadow=&#8221;none&#8221; column_border_radius=&#8221;none&#8221; column_link_target=&#8221;_self&#8221; overflow=&#8221;visible&#8221; gradient_direction=&#8221;left_to_right&#8221; overlay_strength=&#8221;0.3&#8243; width=&#8221;1\/2&#8243; tablet_width_inherit=&#8221;default&#8221; animation_type=&#8221;default&#8221; bg_image_animation=&#8221;none&#8221; border_type=&#8221;simple&#8221; column_border_width=&#8221;none&#8221; column_border_style=&#8221;solid&#8221;][vc_column_text css=&#8221;&#8221; text_direction=&#8221;default&#8221;]\n<p style=\"text-align: left;\"><span class=\"upper\" style=\"text-align: left;\">thermal cures prices<\/span><\/p>\n<h2 style=\"text-align: left;\">Good deals<\/h2>\n[\/vc_column_text][vc_column_text css=&#8221;&#8221; text_direction=&#8221;default&#8221;]Thermal cures prices:<\/p>\n<p>For one person: Half board: from \u20ac80\/day to \u20ac122\/day<br \/>\nFor two people: Half board: from \u20ac62\/day\/person to \u20ac85\/day\/person<\/p>\n<p>Prices vary depending on the period and the type of room.<\/p>\n<p>Family Deal: Free stay for children under 3<br \/>\nPackage for 2 adults + 1 child (under 12): from \u20ac184.50\/day<br \/>\nPackage for 2 adults + 2 children (under 12): from \u20ac211\/day A free afternoon snack is included with any family stay of at least 3 days.<\/p>\n<p>In winter, a great weekend deal outside of school holidays: Friday night at -30%, i.e. 2 nights from \u20ac167 for a double room.<\/p>\n<p>Possibility to buy your ski passes for Luz Ardiden and Gavarnie at a reduced price. FREE WIFI. Coin-operated self-service laundry inside the hotel. <\/p>\n<p>Pets are not allowed in the hotel or restaurant.[\/vc_column_text][\/vc_column_inner][\/vc_row_inner][\/vc_column][\/vc_row][vc_row type=&#8221;full_width_content&#8221; full_screen_row_position=&#8221;middle&#8221; column_margin=&#8221;default&#8221; column_direction=&#8221;default&#8221; column_direction_tablet=&#8221;default&#8221; column_direction_phone=&#8221;default&#8221; scene_position=&#8221;center&#8221; bottom_padding=&#8221;8%&#8221; left_padding_desktop=&#8221;60&#8243; constrain_group_2=&#8221;yes&#8221; right_padding_desktop=&#8221;60&#8243; left_padding_tablet=&#8221;18px&#8221; constrain_group_4=&#8221;yes&#8221; right_padding_tablet=&#8221;18px&#8221; text_color=&#8221;dark&#8221; text_align=&#8221;left&#8221; row_border_radius=&#8221;none&#8221; row_border_radius_applies=&#8221;bg&#8221; row_position_desktop=&#8221;default&#8221; row_position_tablet=&#8221;inherit&#8221; row_position_phone=&#8221;inherit&#8221; overflow=&#8221;visible&#8221; class=&#8221;extra_title&#8221; overlay_strength=&#8221;0.3&#8243; gradient_direction=&#8221;left_to_right&#8221; shape_divider_position=&#8221;bottom&#8221; bg_image_animation=&#8221;none&#8221; gradient_type=&#8221;default&#8221; shape_type=&#8221;&#8221;][vc_column column_padding=&#8221;no-extra-padding&#8221; column_padding_tablet=&#8221;inherit&#8221; column_padding_phone=&#8221;inherit&#8221; column_padding_position=&#8221;all&#8221; flex_gap_desktop=&#8221;10px&#8221; column_element_direction_desktop=&#8221;default&#8221; column_element_spacing=&#8221;default&#8221; desktop_text_alignment=&#8221;default&#8221; tablet_text_alignment=&#8221;default&#8221; phone_text_alignment=&#8221;default&#8221; background_color_opacity=&#8221;1&#8243; background_hover_color_opacity=&#8221;1&#8243; column_backdrop_filter=&#8221;none&#8221; column_shadow=&#8221;none&#8221; column_border_radius=&#8221;none&#8221; column_link_target=&#8221;_self&#8221; column_position=&#8221;default&#8221; gradient_direction=&#8221;left_to_right&#8221; overlay_strength=&#8221;0.3&#8243; width=&#8221;1\/1&#8243; tablet_width_inherit=&#8221;default&#8221; animation_type=&#8221;default&#8221; bg_image_animation=&#8221;none&#8221; border_type=&#8221;simple&#8221; column_border_width=&#8221;none&#8221; column_border_style=&#8221;solid&#8221;][vc_row_inner column_margin=&#8221;default&#8221; column_direction=&#8221;default&#8221; column_direction_tablet=&#8221;default&#8221; column_direction_phone=&#8221;default&#8221; text_align=&#8221;left&#8221; row_position=&#8221;default&#8221; row_position_tablet=&#8221;inherit&#8221; row_position_phone=&#8221;inherit&#8221; overflow=&#8221;visible&#8221; pointer_events=&#8221;all&#8221;][vc_column_inner top_padding_desktop=&#8221;22%&#8221; constrain_group_100=&#8221;yes&#8221; bottom_padding_desktop=&#8221;22%&#8221; left_padding_desktop=&#8221;4%&#8221; constrain_group_101=&#8221;yes&#8221; right_padding_desktop=&#8221;4%&#8221; column_element_direction_desktop=&#8221;default&#8221; column_element_spacing=&#8221;default&#8221; desktop_text_alignment=&#8221;default&#8221; tablet_text_alignment=&#8221;default&#8221; phone_text_alignment=&#8221;default&#8221; background_color_opacity=&#8221;1&#8243; background_hover_color_opacity=&#8221;1&#8243; background_image=&#8221;149&#8243; background_image_position=&#8221;center center&#8221; background_image_stacking=&#8221;default&#8221; enable_bg_scale=&#8221;true&#8221; background_image_loading=&#8221;default&#8221; column_backdrop_filter=&#8221;none&#8221; font_color=&#8221;#FFFFFF&#8221; column_shadow=&#8221;none&#8221; column_border_radius=&#8221;15px&#8221; column_link_target=&#8221;_self&#8221; overflow=&#8221;visible&#8221; gradient_direction=&#8221;left_to_right&#8221; overlay_strength=&#8221;0.3&#8243; width=&#8221;1\/1&#8243; tablet_width_inherit=&#8221;default&#8221; animation_type=&#8221;default&#8221; bg_image_animation=&#8221;none&#8221; border_type=&#8221;simple&#8221; column_border_width=&#8221;none&#8221; column_border_style=&#8221;solid&#8221; column_padding_type=&#8221;advanced&#8221; content_layout=&#8221;default&#8221; gradient_type=&#8221;default&#8221;][\/vc_column_inner][\/vc_row_inner][\/vc_column][\/vc_row]\n","protected":false},"excerpt":{"rendered":"<p>[vc_row type=&#8221;full_width_content&#8221; full_screen_row_position=&#8221;middle&#8221; column_margin=&#8221;default&#8221; column_direction=&#8221;default&#8221; column_direction_tablet=&#8221;default&#8221; column_direction_phone=&#8221;default&#8221; scene_position=&#8221;center&#8221; top_padding=&#8221;4%&#8221; bottom_padding=&#8221;8%&#8221; left_padding_desktop=&#8221;60&#8243; constrain_group_2=&#8221;yes&#8221; right_padding_desktop=&#8221;60&#8243; left_padding_tablet=&#8221;18px&#8221; constrain_group_4=&#8221;yes&#8221; right_padding_tablet=&#8221;18px&#8221; text_color=&#8221;dark&#8221; text_align=&#8221;left&#8221; row_border_radius=&#8221;none&#8221; row_border_radius_applies=&#8221;bg&#8221; row_position_desktop=&#8221;default&#8221; row_position_tablet=&#8221;inherit&#8221; row_position_phone=&#8221;inherit&#8221; overflow=&#8221;visible&#8221; overlay_strength=&#8221;0.3&#8243; gradient_direction=&#8221;left_to_right&#8221; shape_divider_position=&#8221;bottom&#8221; bg_image_animation=&#8221;none&#8221; gradient_type=&#8221;default&#8221; shape_type=&#8221;&#8221;][vc_column&#8230;<\/p>\n","protected":false},"author":1,"featured_media":0,"parent":0,"menu_order":0,"comment_status":"closed","ping_status":"closed","template":"","meta":{"inline_featured_image":false,"footnotes":""},"class_list":["post-475","page","type-page","status-publish"],"yoast_head":"<!-- This site is optimized with the Yoast SEO plugin v27.3 - https:\/\/yoast.com\/product\/yoast-seo-wordpress\/ -->\n<title>Prices - H\u00f4tel Restaurant Panoramic &amp; des Bains<\/title>\n<meta name=\"robots\" content=\"index, follow, max-snippet:-1, max-image-preview:large, max-video-preview:-1\" \/>\n<link rel=\"canonical\" href=\"https:\/\/www.hotel-panoramic-luz.com\/en\/prices\/\" \/>\n<meta property=\"og:locale\" content=\"en_US\" \/>\n<meta property=\"og:type\" content=\"article\" \/>\n<meta property=\"og:title\" content=\"Prices - H\u00f4tel Restaurant Panoramic &amp; des Bains\" \/>\n<meta property=\"og:description\" content=\"[vc_row type=&#8221;full_width_content&#8221; full_screen_row_position=&#8221;middle&#8221; column_margin=&#8221;default&#8221; column_direction=&#8221;default&#8221; column_direction_tablet=&#8221;default&#8221; column_direction_phone=&#8221;default&#8221; scene_position=&#8221;center&#8221; top_padding=&#8221;4%&#8221; bottom_padding=&#8221;8%&#8221; left_padding_desktop=&#8221;60&#8243; constrain_group_2=&#8221;yes&#8221; right_padding_desktop=&#8221;60&#8243; left_padding_tablet=&#8221;18px&#8221; constrain_group_4=&#8221;yes&#8221; right_padding_tablet=&#8221;18px&#8221; text_color=&#8221;dark&#8221; text_align=&#8221;left&#8221; row_border_radius=&#8221;none&#8221; row_border_radius_applies=&#8221;bg&#8221; row_position_desktop=&#8221;default&#8221; row_position_tablet=&#8221;inherit&#8221; row_position_phone=&#8221;inherit&#8221; overflow=&#8221;visible&#8221; overlay_strength=&#8221;0.3&#8243; gradient_direction=&#8221;left_to_right&#8221; shape_divider_position=&#8221;bottom&#8221; bg_image_animation=&#8221;none&#8221; gradient_type=&#8221;default&#8221; shape_type=&#8221;&#8221;][vc_column...\" \/>\n<meta property=\"og:url\" content=\"https:\/\/www.hotel-panoramic-luz.com\/en\/prices\/\" \/>\n<meta property=\"og:site_name\" content=\"H\u00f4tel Restaurant Panoramic &amp; des Bains\" \/>\n<meta property=\"article:modified_time\" content=\"2026-04-08T12:13:28+00:00\" \/>\n<meta property=\"og:image\" content=\"https:\/\/www.hotel-panoramic-luz.com\/wp-content\/uploads\/2025\/12\/logo_hotel_panoramic-n.png\" \/>\n\t<meta property=\"og:image:width\" content=\"880\" \/>\n\t<meta property=\"og:image:height\" content=\"134\" \/>\n\t<meta property=\"og:image:type\" content=\"image\/png\" \/>\n<meta name=\"twitter:card\" content=\"summary_large_image\" \/>\n<meta name=\"twitter:label1\" content=\"Est. reading time\" \/>\n\t<meta name=\"twitter:data1\" content=\"7 minutes\" \/>\n<script type=\"application\/ld+json\" class=\"yoast-schema-graph\">{\"@context\":\"https:\\\/\\\/schema.org\",\"@graph\":[{\"@type\":\"WebPage\",\"@id\":\"https:\\\/\\\/www.hotel-panoramic-luz.com\\\/en\\\/prices\\\/\",\"url\":\"https:\\\/\\\/www.hotel-panoramic-luz.com\\\/en\\\/prices\\\/\",\"name\":\"Prices - H\u00f4tel Restaurant Panoramic &amp; des Bains\",\"isPartOf\":{\"@id\":\"https:\\\/\\\/www.hotel-panoramic-luz.com\\\/#website\"},\"datePublished\":\"2026-04-08T12:07:18+00:00\",\"dateModified\":\"2026-04-08T12:13:28+00:00\",\"breadcrumb\":{\"@id\":\"https:\\\/\\\/www.hotel-panoramic-luz.com\\\/en\\\/prices\\\/#breadcrumb\"},\"inLanguage\":\"en-US\",\"potentialAction\":[{\"@type\":\"ReadAction\",\"target\":[\"https:\\\/\\\/www.hotel-panoramic-luz.com\\\/en\\\/prices\\\/\"]}]},{\"@type\":\"BreadcrumbList\",\"@id\":\"https:\\\/\\\/www.hotel-panoramic-luz.com\\\/en\\\/prices\\\/#breadcrumb\",\"itemListElement\":[{\"@type\":\"ListItem\",\"position\":1,\"name\":\"Accueil\",\"item\":\"https:\\\/\\\/www.hotel-panoramic-luz.com\\\/en\\\/hotel-restaurant-panoramic-des-bains\\\/\"},{\"@type\":\"ListItem\",\"position\":2,\"name\":\"Prices\"}]},{\"@type\":\"WebSite\",\"@id\":\"https:\\\/\\\/www.hotel-panoramic-luz.com\\\/#website\",\"url\":\"https:\\\/\\\/www.hotel-panoramic-luz.com\\\/\",\"name\":\"H\u00f4tel Restaurant Panoramic & des Bains\",\"description\":\"H\u00f4tel Restaurant \u00e0 Luz-Saint-Sauveur\",\"publisher\":{\"@id\":\"https:\\\/\\\/www.hotel-panoramic-luz.com\\\/#organization\"},\"potentialAction\":[{\"@type\":\"SearchAction\",\"target\":{\"@type\":\"EntryPoint\",\"urlTemplate\":\"https:\\\/\\\/www.hotel-panoramic-luz.com\\\/?s={search_term_string}\"},\"query-input\":{\"@type\":\"PropertyValueSpecification\",\"valueRequired\":true,\"valueName\":\"search_term_string\"}}],\"inLanguage\":\"en-US\"},{\"@type\":\"Organization\",\"@id\":\"https:\\\/\\\/www.hotel-panoramic-luz.com\\\/#organization\",\"name\":\"H\u00f4tel Restaurant Panoramic & des Bains\",\"url\":\"https:\\\/\\\/www.hotel-panoramic-luz.com\\\/\",\"logo\":{\"@type\":\"ImageObject\",\"inLanguage\":\"en-US\",\"@id\":\"https:\\\/\\\/www.hotel-panoramic-luz.com\\\/#\\\/schema\\\/logo\\\/image\\\/\",\"url\":\"https:\\\/\\\/www.hotel-panoramic-luz.com\\\/wp-content\\\/uploads\\\/2025\\\/12\\\/logo_hotel_panoramic-n.png\",\"contentUrl\":\"https:\\\/\\\/www.hotel-panoramic-luz.com\\\/wp-content\\\/uploads\\\/2025\\\/12\\\/logo_hotel_panoramic-n.png\",\"width\":880,\"height\":134,\"caption\":\"H\u00f4tel Restaurant Panoramic & des Bains\"},\"image\":{\"@id\":\"https:\\\/\\\/www.hotel-panoramic-luz.com\\\/#\\\/schema\\\/logo\\\/image\\\/\"}}]}<\/script>\n<!-- \/ Yoast SEO plugin. -->","yoast_head_json":{"title":"Prices - H\u00f4tel Restaurant Panoramic &amp; des Bains","robots":{"index":"index","follow":"follow","max-snippet":"max-snippet:-1","max-image-preview":"max-image-preview:large","max-video-preview":"max-video-preview:-1"},"canonical":"https:\/\/www.hotel-panoramic-luz.com\/en\/prices\/","og_locale":"en_US","og_type":"article","og_title":"Prices - H\u00f4tel Restaurant Panoramic &amp; des Bains","og_description":"[vc_row type=&#8221;full_width_content&#8221; full_screen_row_position=&#8221;middle&#8221; column_margin=&#8221;default&#8221; column_direction=&#8221;default&#8221; column_direction_tablet=&#8221;default&#8221; column_direction_phone=&#8221;default&#8221; scene_position=&#8221;center&#8221; top_padding=&#8221;4%&#8221; bottom_padding=&#8221;8%&#8221; left_padding_desktop=&#8221;60&#8243; constrain_group_2=&#8221;yes&#8221; right_padding_desktop=&#8221;60&#8243; left_padding_tablet=&#8221;18px&#8221; constrain_group_4=&#8221;yes&#8221; right_padding_tablet=&#8221;18px&#8221; text_color=&#8221;dark&#8221; text_align=&#8221;left&#8221; row_border_radius=&#8221;none&#8221; row_border_radius_applies=&#8221;bg&#8221; row_position_desktop=&#8221;default&#8221; row_position_tablet=&#8221;inherit&#8221; row_position_phone=&#8221;inherit&#8221; overflow=&#8221;visible&#8221; overlay_strength=&#8221;0.3&#8243; gradient_direction=&#8221;left_to_right&#8221; shape_divider_position=&#8221;bottom&#8221; bg_image_animation=&#8221;none&#8221; gradient_type=&#8221;default&#8221; shape_type=&#8221;&#8221;][vc_column...","og_url":"https:\/\/www.hotel-panoramic-luz.com\/en\/prices\/","og_site_name":"H\u00f4tel Restaurant Panoramic &amp; des Bains","article_modified_time":"2026-04-08T12:13:28+00:00","og_image":[{"width":880,"height":134,"url":"https:\/\/www.hotel-panoramic-luz.com\/wp-content\/uploads\/2025\/12\/logo_hotel_panoramic-n.png","type":"image\/png"}],"twitter_card":"summary_large_image","twitter_misc":{"Est. reading time":"7 minutes"},"schema":{"@context":"https:\/\/schema.org","@graph":[{"@type":"WebPage","@id":"https:\/\/www.hotel-panoramic-luz.com\/en\/prices\/","url":"https:\/\/www.hotel-panoramic-luz.com\/en\/prices\/","name":"Prices - H\u00f4tel Restaurant Panoramic &amp; des Bains","isPartOf":{"@id":"https:\/\/www.hotel-panoramic-luz.com\/#website"},"datePublished":"2026-04-08T12:07:18+00:00","dateModified":"2026-04-08T12:13:28+00:00","breadcrumb":{"@id":"https:\/\/www.hotel-panoramic-luz.com\/en\/prices\/#breadcrumb"},"inLanguage":"en-US","potentialAction":[{"@type":"ReadAction","target":["https:\/\/www.hotel-panoramic-luz.com\/en\/prices\/"]}]},{"@type":"BreadcrumbList","@id":"https:\/\/www.hotel-panoramic-luz.com\/en\/prices\/#breadcrumb","itemListElement":[{"@type":"ListItem","position":1,"name":"Accueil","item":"https:\/\/www.hotel-panoramic-luz.com\/en\/hotel-restaurant-panoramic-des-bains\/"},{"@type":"ListItem","position":2,"name":"Prices"}]},{"@type":"WebSite","@id":"https:\/\/www.hotel-panoramic-luz.com\/#website","url":"https:\/\/www.hotel-panoramic-luz.com\/","name":"H\u00f4tel Restaurant Panoramic & des Bains","description":"H\u00f4tel Restaurant \u00e0 Luz-Saint-Sauveur","publisher":{"@id":"https:\/\/www.hotel-panoramic-luz.com\/#organization"},"potentialAction":[{"@type":"SearchAction","target":{"@type":"EntryPoint","urlTemplate":"https:\/\/www.hotel-panoramic-luz.com\/?s={search_term_string}"},"query-input":{"@type":"PropertyValueSpecification","valueRequired":true,"valueName":"search_term_string"}}],"inLanguage":"en-US"},{"@type":"Organization","@id":"https:\/\/www.hotel-panoramic-luz.com\/#organization","name":"H\u00f4tel Restaurant Panoramic & des Bains","url":"https:\/\/www.hotel-panoramic-luz.com\/","logo":{"@type":"ImageObject","inLanguage":"en-US","@id":"https:\/\/www.hotel-panoramic-luz.com\/#\/schema\/logo\/image\/","url":"https:\/\/www.hotel-panoramic-luz.com\/wp-content\/uploads\/2025\/12\/logo_hotel_panoramic-n.png","contentUrl":"https:\/\/www.hotel-panoramic-luz.com\/wp-content\/uploads\/2025\/12\/logo_hotel_panoramic-n.png","width":880,"height":134,"caption":"H\u00f4tel Restaurant Panoramic & des Bains"},"image":{"@id":"https:\/\/www.hotel-panoramic-luz.com\/#\/schema\/logo\/image\/"}}]}},"_links":{"self":[{"href":"https:\/\/www.hotel-panoramic-luz.com\/en\/wp-json\/wp\/v2\/pages\/475","targetHints":{"allow":["GET"]}}],"collection":[{"href":"https:\/\/www.hotel-panoramic-luz.com\/en\/wp-json\/wp\/v2\/pages"}],"about":[{"href":"https:\/\/www.hotel-panoramic-luz.com\/en\/wp-json\/wp\/v2\/types\/page"}],"author":[{"embeddable":true,"href":"https:\/\/www.hotel-panoramic-luz.com\/en\/wp-json\/wp\/v2\/users\/1"}],"replies":[{"embeddable":true,"href":"https:\/\/www.hotel-panoramic-luz.com\/en\/wp-json\/wp\/v2\/comments?post=475"}],"version-history":[{"count":5,"href":"https:\/\/www.hotel-panoramic-luz.com\/en\/wp-json\/wp\/v2\/pages\/475\/revisions"}],"predecessor-version":[{"id":483,"href":"https:\/\/www.hotel-panoramic-luz.com\/en\/wp-json\/wp\/v2\/pages\/475\/revisions\/483"}],"wp:attachment":[{"href":"https:\/\/www.hotel-panoramic-luz.com\/en\/wp-json\/wp\/v2\/media?parent=475"}],"curies":[{"name":"wp","href":"https:\/\/api.w.org\/{rel}","templated":true}]}}