{"id":324,"date":"2025-12-03T08:23:09","date_gmt":"2025-12-03T08:23:09","guid":{"rendered":"https:\/\/pano.novae.website\/gdpr\/"},"modified":"2026-03-25T14:44:54","modified_gmt":"2026-03-25T14:44:54","slug":"gdpr","status":"publish","type":"page","link":"https:\/\/www.hotel-panoramic-luz.com\/en\/gdpr\/","title":{"rendered":"GDPR"},"content":{"rendered":"[vc_row type=&#8221;full_width_content&#8221; full_screen_row_position=&#8221;middle&#8221; column_margin=&#8221;default&#8221; column_direction=&#8221;default&#8221; column_direction_tablet=&#8221;default&#8221; column_direction_phone=&#8221;default&#8221; scene_position=&#8221;center&#8221; top_padding=&#8221;4%&#8221; bottom_padding=&#8221;8%&#8221; left_padding_desktop=&#8221;60&#8243; constrain_group_2=&#8221;yes&#8221; right_padding_desktop=&#8221;60&#8243; left_padding_tablet=&#8221;18px&#8221; constrain_group_4=&#8221;yes&#8221; right_padding_tablet=&#8221;18px&#8221; text_color=&#8221;dark&#8221; text_align=&#8221;left&#8221; row_border_radius=&#8221;none&#8221; row_border_radius_applies=&#8221;bg&#8221; row_position_desktop=&#8221;default&#8221; row_position_tablet=&#8221;inherit&#8221; row_position_phone=&#8221;inherit&#8221; overflow=&#8221;visible&#8221; overlay_strength=&#8221;0.3&#8243; gradient_direction=&#8221;left_to_right&#8221; shape_divider_position=&#8221;bottom&#8221; bg_image_animation=&#8221;none&#8221; gradient_type=&#8221;default&#8221; shape_type=&#8221;&#8221;][vc_column column_padding=&#8221;no-extra-padding&#8221; column_padding_tablet=&#8221;inherit&#8221; column_padding_phone=&#8221;inherit&#8221; column_padding_position=&#8221;all&#8221; flex_gap_desktop=&#8221;10px&#8221; column_element_direction_desktop=&#8221;default&#8221; column_element_spacing=&#8221;default&#8221; desktop_text_alignment=&#8221;default&#8221; tablet_text_alignment=&#8221;default&#8221; phone_text_alignment=&#8221;default&#8221; background_color_opacity=&#8221;1&#8243; background_hover_color_opacity=&#8221;1&#8243; column_backdrop_filter=&#8221;none&#8221; column_shadow=&#8221;none&#8221; column_border_radius=&#8221;none&#8221; column_link_target=&#8221;_self&#8221; column_position=&#8221;default&#8221; gradient_direction=&#8221;left_to_right&#8221; overlay_strength=&#8221;0.3&#8243; width=&#8221;1\/1&#8243; tablet_width_inherit=&#8221;default&#8221; animation_type=&#8221;default&#8221; bg_image_animation=&#8221;none&#8221; border_type=&#8221;simple&#8221; column_border_width=&#8221;none&#8221; column_border_style=&#8221;solid&#8221;][vc_row_inner column_margin=&#8221;default&#8221; column_direction=&#8221;default&#8221; column_direction_tablet=&#8221;default&#8221; column_direction_phone=&#8221;default&#8221; text_align=&#8221;left&#8221; row_position=&#8221;default&#8221; row_position_tablet=&#8221;inherit&#8221; row_position_phone=&#8221;inherit&#8221; overflow=&#8221;visible&#8221; pointer_events=&#8221;all&#8221;][vc_column_inner column_padding=&#8221;no-extra-padding&#8221; column_padding_tablet=&#8221;inherit&#8221; column_padding_phone=&#8221;inherit&#8221; column_padding_position=&#8221;all&#8221; column_element_direction_desktop=&#8221;default&#8221; column_element_spacing=&#8221;default&#8221; centered_text=&#8221;true&#8221; desktop_text_alignment=&#8221;default&#8221; tablet_text_alignment=&#8221;default&#8221; phone_text_alignment=&#8221;default&#8221; background_color_opacity=&#8221;1&#8243; background_hover_color_opacity=&#8221;1&#8243; column_backdrop_filter=&#8221;none&#8221; column_shadow=&#8221;none&#8221; column_border_radius=&#8221;none&#8221; column_link_target=&#8221;_self&#8221; overflow=&#8221;visible&#8221; gradient_direction=&#8221;left_to_right&#8221; overlay_strength=&#8221;0.3&#8243; width=&#8221;1\/1&#8243; tablet_width_inherit=&#8221;default&#8221; animation_type=&#8221;default&#8221; bg_image_animation=&#8221;none&#8221; border_type=&#8221;simple&#8221; column_border_width=&#8221;none&#8221; column_border_style=&#8221;solid&#8221; column_padding_type=&#8221;default&#8221; content_layout=&#8221;default&#8221; gradient_type=&#8221;default&#8221;][vc_column_text css=&#8221;&#8221; text_direction=&#8221;default&#8221; el_class=&#8221;intro_p&#8221;]\n<h1 style=\"text-align: center;\">Protection of personal data<\/h1>\n[\/vc_column_text][\/vc_column_inner][\/vc_row_inner][\/vc_column][\/vc_row][vc_row type=&#8221;full_width_content&#8221; full_screen_row_position=&#8221;middle&#8221; column_margin=&#8221;default&#8221; column_direction=&#8221;default&#8221; column_direction_tablet=&#8221;default&#8221; column_direction_phone=&#8221;default&#8221; scene_position=&#8221;center&#8221; bottom_padding=&#8221;8%&#8221; left_padding_desktop=&#8221;60&#8243; constrain_group_2=&#8221;yes&#8221; right_padding_desktop=&#8221;60&#8243; left_padding_tablet=&#8221;18px&#8221; constrain_group_4=&#8221;yes&#8221; right_padding_tablet=&#8221;18px&#8221; text_color=&#8221;dark&#8221; text_align=&#8221;left&#8221; row_border_radius=&#8221;none&#8221; row_border_radius_applies=&#8221;bg&#8221; row_position_desktop=&#8221;default&#8221; row_position_tablet=&#8221;inherit&#8221; row_position_phone=&#8221;inherit&#8221; overflow=&#8221;visible&#8221; overlay_strength=&#8221;0.3&#8243; gradient_direction=&#8221;left_to_right&#8221; shape_divider_position=&#8221;bottom&#8221; bg_image_animation=&#8221;none&#8221; gradient_type=&#8221;default&#8221; shape_type=&#8221;&#8221;][vc_column column_padding=&#8221;no-extra-padding&#8221; column_padding_tablet=&#8221;inherit&#8221; column_padding_phone=&#8221;inherit&#8221; column_padding_position=&#8221;all&#8221; flex_gap_desktop=&#8221;10px&#8221; column_element_direction_desktop=&#8221;default&#8221; column_element_spacing=&#8221;default&#8221; desktop_text_alignment=&#8221;default&#8221; tablet_text_alignment=&#8221;default&#8221; phone_text_alignment=&#8221;default&#8221; background_color_opacity=&#8221;1&#8243; background_hover_color_opacity=&#8221;1&#8243; column_backdrop_filter=&#8221;none&#8221; column_shadow=&#8221;none&#8221; column_border_radius=&#8221;none&#8221; column_link_target=&#8221;_self&#8221; column_position=&#8221;default&#8221; gradient_direction=&#8221;left_to_right&#8221; overlay_strength=&#8221;0.3&#8243; width=&#8221;1\/1&#8243; tablet_width_inherit=&#8221;default&#8221; animation_type=&#8221;default&#8221; bg_image_animation=&#8221;none&#8221; border_type=&#8221;simple&#8221; column_border_width=&#8221;none&#8221; column_border_style=&#8221;solid&#8221;][vc_row_inner column_margin=&#8221;default&#8221; column_direction=&#8221;default&#8221; column_direction_tablet=&#8221;default&#8221; column_direction_phone=&#8221;default&#8221; bottom_padding=&#8221;4%&#8221; text_align=&#8221;left&#8221; row_position=&#8221;default&#8221; row_position_tablet=&#8221;inherit&#8221; row_position_phone=&#8221;inherit&#8221; overflow=&#8221;visible&#8221; pointer_events=&#8221;all&#8221;][vc_column_inner right_padding_desktop=&#8221;5%&#8221; right_padding_tablet=&#8221;0&#8243; column_element_direction_desktop=&#8221;default&#8221; column_element_spacing=&#8221;default&#8221; desktop_text_alignment=&#8221;default&#8221; tablet_text_alignment=&#8221;default&#8221; phone_text_alignment=&#8221;default&#8221; background_color_opacity=&#8221;1&#8243; background_hover_color_opacity=&#8221;1&#8243; column_backdrop_filter=&#8221;none&#8221; column_shadow=&#8221;none&#8221; column_border_radius=&#8221;none&#8221; column_link_target=&#8221;_self&#8221; overflow=&#8221;visible&#8221; gradient_direction=&#8221;left_to_right&#8221; overlay_strength=&#8221;0.3&#8243; width=&#8221;1\/1&#8243; tablet_width_inherit=&#8221;default&#8221; animation_type=&#8221;default&#8221; bg_image_animation=&#8221;none&#8221; border_type=&#8221;simple&#8221; column_border_width=&#8221;none&#8221; column_border_style=&#8221;solid&#8221; column_padding_type=&#8221;advanced&#8221; content_layout=&#8221;default&#8221; gradient_type=&#8221;default&#8221;][vc_column_text css=&#8221;&#8221; text_direction=&#8221;default&#8221;]\n<p><strong>PERSONAL DATA COLLECTED<\/strong><\/p>\n<p>Two types of personal data are collected on the site<\/p>\n<p>www.hotel-panoramic-luz.com<\/p>\n<ul>\n<li>Data entered and submitted via forms<\/li>\n<li>Data collected by the Google Analytics audience measurement tool<\/li>\n<\/ul>\n<p><strong>DATA CONTROLLER<\/strong><\/p>\n<p>Personal data is collected on the site by the company HOTEL PANORAMIC ET DES BAINS, a sole proprietorship whose registered office is at 30 AVENUE DE L&#8217;IMPERATRICE EUGENIE, 65120 LUZ-SAINT-SAUVEUR.<\/p>\n<p><strong>PURPOSE OF THE COLLECTION OF PERSONAL DATA<\/strong><\/p>\n<p>The purpose of collecting personal data through the various forms on the website is to:<\/p>\n<ul>\n<li>Contact again the people who have registered an information request on the site<\/li>\n<li>Allow the sending of newsletters by our services<\/li>\n<\/ul>\n<p>By submitting the form and ticking the appropriate consent boxes on the form, the user expressly agrees to the processing of personal data for the purpose of the business relationship.<\/p>\n<p>The purpose of collecting personal data through the Google Analytics audience tracking tool used on the site is to:<\/p>\n<ul>\n<li>Analyze user behavior on the site in order to measure their audience and improve their performance.<\/li>\n<\/ul>\n<p>Google Analytics uses third-party cookies to distinguish users. Cookies are text files installed on users&#8217; devices. They do not contain any personally identifiable information, only randomly generated identifiers.<\/p>\n<p>By browsing the site, the user expressly agrees to the processing of personal data collected by Google Analytics for the purpose of analyzing user behavior in order to improve the site&#8217;s performance.<\/p>\n<p><strong>PERSONAL DATA RETENTION PERIOD<\/strong><\/p>\n<p>The data collected via the forms is kept for a period of 2 years from the date the form is submitted.<\/p>\n<p>The cookies used by the Google Analytics audience measurement tool have the following lifespans:<\/p>\n<p>_ga: 2 years<br \/>\n_gid: 24 hours<br \/>\n_gat: 1 minute<\/p>\n<p><strong>CONFIDENTIALITY OF PERSONAL DATA<\/strong><\/p>\n<p>The personal data concerning you and collected by the website www.hotel-panoramic-luz.com is intended solely for the company HOTEL PANORAMIC ET DES BAINS and will only be used in connection with the request made via the form.<\/p>\n<p>Under no circumstances will the personal data entered and sent on the forms be transmitted, rented or sold to third parties.<\/p>\n<p><strong>LOCATION FOR STORING PERSONAL DATA<\/strong><\/p>\n<p>The website&#8217;s hosting servers are located exclusively in France, within the European Union.<br \/>\nHOTEL PANORAMIC ET DES BAINS undertakes not to transfer any personal data to a country outside the European Union.<\/p>\n<p><strong>PERSONAL DATA SECURITY<\/strong><\/p>\n<p>The site is hosted on a secure server.<\/p>\n<p>All pages are in secure mode of type HTTPS, TLS 1.2 \/ RSA 2048 bits (SHA256withRSA). This is a security protocol that allows the content of exchanges between the browser and database servers to be encrypted. This prevents personal data entered and sent via forms from being easily read by third parties during transit.<\/p>\n<p>However, no transmission or storage of personal data is ever completely secure. Consequently, we cannot guarantee the infallible security of information transmitted or stored on the hosting servers.<\/p>\n<p><strong>DATA PROTECTION OFFICER<\/strong><\/p>\n<p>Ms. St\u00e9phanie Marchand is the Data Protection Officer (DPO) of the company HOTEL PANORAMIC ET DES BAINS. He is notably responsible for ensuring the company&#8217;s activities comply with the new European legal framework of the GDPR and for cooperating with the supervisory authority.<\/p>\n<p>You can contact them <a href=\"https:\/\/www.hotel-panoramic-luz.com\/formulaire-rgpd\/\">using the contact form<\/a> or by mail at:<br \/>\nHOTEL PANORAMIC ET DES BAINS Data Protection Officer \u2013 30 AVENUE DE L&#8217;IMPERATRICE EUGENIE, 65120 LUZ-SAINT-SAUVEUR<\/p>\n<p><strong>RIGHT OF ACCESS, RECTIFICATION OR DELETION OF PERSONAL DATA<\/strong><\/p>\n<p>In accordance with the French Data Protection Act of 6 January 1978, as amended, and the European General Data Protection Regulation 2016\/679 (GDPR), you have the right to access, rectify, and delete your personal data. You can exercise these rights by u<a href=\"https:\/\/www.hotel-panoramic-luz.com\/formulaire-rgpd\/\">sing the contact form<\/a> or by sending a letter to HOTEL PANORAMIC ET DES BAINS \u2013 30 AVENUE DE L&#8217;IMPERATRICE EUGENIE, 65120 LUZ-SAINT-SAUVEUR<\/p>\n[\/vc_column_text][\/vc_column_inner][\/vc_row_inner][\/vc_column][\/vc_row]\n","protected":false},"excerpt":{"rendered":"<p>[vc_row type=&#8221;full_width_content&#8221; full_screen_row_position=&#8221;middle&#8221; column_margin=&#8221;default&#8221; column_direction=&#8221;default&#8221; column_direction_tablet=&#8221;default&#8221; column_direction_phone=&#8221;default&#8221; scene_position=&#8221;center&#8221; top_padding=&#8221;4%&#8221; bottom_padding=&#8221;8%&#8221; left_padding_desktop=&#8221;60&#8243; constrain_group_2=&#8221;yes&#8221; right_padding_desktop=&#8221;60&#8243; left_padding_tablet=&#8221;18px&#8221; constrain_group_4=&#8221;yes&#8221; right_padding_tablet=&#8221;18px&#8221; text_color=&#8221;dark&#8221; text_align=&#8221;left&#8221; row_border_radius=&#8221;none&#8221; row_border_radius_applies=&#8221;bg&#8221; row_position_desktop=&#8221;default&#8221; row_position_tablet=&#8221;inherit&#8221; row_position_phone=&#8221;inherit&#8221; overflow=&#8221;visible&#8221; overlay_strength=&#8221;0.3&#8243; gradient_direction=&#8221;left_to_right&#8221; shape_divider_position=&#8221;bottom&#8221; bg_image_animation=&#8221;none&#8221; gradient_type=&#8221;default&#8221; shape_type=&#8221;&#8221;][vc_column&#8230;<\/p>\n","protected":false},"author":1,"featured_media":0,"parent":0,"menu_order":0,"comment_status":"closed","ping_status":"closed","template":"","meta":{"inline_featured_image":false,"footnotes":""},"class_list":["post-324","page","type-page","status-publish"],"yoast_head":"<!-- This site is optimized with the Yoast SEO plugin v27.3 - https:\/\/yoast.com\/product\/yoast-seo-wordpress\/ -->\n<title>GDPR - H\u00f4tel Restaurant Panoramic &amp; des Bains<\/title>\n<meta name=\"robots\" content=\"index, follow, max-snippet:-1, max-image-preview:large, max-video-preview:-1\" \/>\n<link rel=\"canonical\" href=\"https:\/\/www.hotel-panoramic-luz.com\/en\/gdpr\/\" \/>\n<meta property=\"og:locale\" content=\"en_US\" \/>\n<meta property=\"og:type\" content=\"article\" \/>\n<meta property=\"og:title\" content=\"GDPR - H\u00f4tel Restaurant Panoramic &amp; des Bains\" \/>\n<meta property=\"og:description\" content=\"[vc_row type=&#8221;full_width_content&#8221; full_screen_row_position=&#8221;middle&#8221; column_margin=&#8221;default&#8221; column_direction=&#8221;default&#8221; column_direction_tablet=&#8221;default&#8221; column_direction_phone=&#8221;default&#8221; scene_position=&#8221;center&#8221; top_padding=&#8221;4%&#8221; bottom_padding=&#8221;8%&#8221; left_padding_desktop=&#8221;60&#8243; constrain_group_2=&#8221;yes&#8221; right_padding_desktop=&#8221;60&#8243; left_padding_tablet=&#8221;18px&#8221; constrain_group_4=&#8221;yes&#8221; right_padding_tablet=&#8221;18px&#8221; text_color=&#8221;dark&#8221; text_align=&#8221;left&#8221; row_border_radius=&#8221;none&#8221; row_border_radius_applies=&#8221;bg&#8221; row_position_desktop=&#8221;default&#8221; row_position_tablet=&#8221;inherit&#8221; row_position_phone=&#8221;inherit&#8221; overflow=&#8221;visible&#8221; overlay_strength=&#8221;0.3&#8243; gradient_direction=&#8221;left_to_right&#8221; shape_divider_position=&#8221;bottom&#8221; bg_image_animation=&#8221;none&#8221; gradient_type=&#8221;default&#8221; shape_type=&#8221;&#8221;][vc_column...\" \/>\n<meta property=\"og:url\" content=\"https:\/\/www.hotel-panoramic-luz.com\/en\/gdpr\/\" \/>\n<meta property=\"og:site_name\" content=\"H\u00f4tel Restaurant Panoramic &amp; des Bains\" \/>\n<meta property=\"article:modified_time\" content=\"2026-03-25T14:44:54+00:00\" \/>\n<meta property=\"og:image\" content=\"https:\/\/www.hotel-panoramic-luz.com\/wp-content\/uploads\/2025\/12\/logo_hotel_panoramic-n.png\" \/>\n\t<meta property=\"og:image:width\" content=\"880\" \/>\n\t<meta property=\"og:image:height\" content=\"134\" \/>\n\t<meta property=\"og:image:type\" content=\"image\/png\" \/>\n<meta name=\"twitter:card\" content=\"summary_large_image\" \/>\n<meta name=\"twitter:label1\" content=\"Est. reading time\" \/>\n\t<meta name=\"twitter:data1\" content=\"7 minutes\" \/>\n<script type=\"application\/ld+json\" class=\"yoast-schema-graph\">{\"@context\":\"https:\\\/\\\/schema.org\",\"@graph\":[{\"@type\":\"WebPage\",\"@id\":\"https:\\\/\\\/www.hotel-panoramic-luz.com\\\/en\\\/gdpr\\\/\",\"url\":\"https:\\\/\\\/www.hotel-panoramic-luz.com\\\/en\\\/gdpr\\\/\",\"name\":\"GDPR - H\u00f4tel Restaurant Panoramic &amp; des Bains\",\"isPartOf\":{\"@id\":\"https:\\\/\\\/www.hotel-panoramic-luz.com\\\/#website\"},\"datePublished\":\"2025-12-03T08:23:09+00:00\",\"dateModified\":\"2026-03-25T14:44:54+00:00\",\"breadcrumb\":{\"@id\":\"https:\\\/\\\/www.hotel-panoramic-luz.com\\\/en\\\/gdpr\\\/#breadcrumb\"},\"inLanguage\":\"en-US\",\"potentialAction\":[{\"@type\":\"ReadAction\",\"target\":[\"https:\\\/\\\/www.hotel-panoramic-luz.com\\\/en\\\/gdpr\\\/\"]}]},{\"@type\":\"BreadcrumbList\",\"@id\":\"https:\\\/\\\/www.hotel-panoramic-luz.com\\\/en\\\/gdpr\\\/#breadcrumb\",\"itemListElement\":[{\"@type\":\"ListItem\",\"position\":1,\"name\":\"Accueil\",\"item\":\"https:\\\/\\\/www.hotel-panoramic-luz.com\\\/en\\\/hotel-restaurant-panoramic-des-bains\\\/\"},{\"@type\":\"ListItem\",\"position\":2,\"name\":\"GDPR\"}]},{\"@type\":\"WebSite\",\"@id\":\"https:\\\/\\\/www.hotel-panoramic-luz.com\\\/#website\",\"url\":\"https:\\\/\\\/www.hotel-panoramic-luz.com\\\/\",\"name\":\"H\u00f4tel Restaurant Panoramic & des Bains\",\"description\":\"H\u00f4tel Restaurant \u00e0 Luz-Saint-Sauveur\",\"publisher\":{\"@id\":\"https:\\\/\\\/www.hotel-panoramic-luz.com\\\/#organization\"},\"potentialAction\":[{\"@type\":\"SearchAction\",\"target\":{\"@type\":\"EntryPoint\",\"urlTemplate\":\"https:\\\/\\\/www.hotel-panoramic-luz.com\\\/?s={search_term_string}\"},\"query-input\":{\"@type\":\"PropertyValueSpecification\",\"valueRequired\":true,\"valueName\":\"search_term_string\"}}],\"inLanguage\":\"en-US\"},{\"@type\":\"Organization\",\"@id\":\"https:\\\/\\\/www.hotel-panoramic-luz.com\\\/#organization\",\"name\":\"H\u00f4tel Restaurant Panoramic & des Bains\",\"url\":\"https:\\\/\\\/www.hotel-panoramic-luz.com\\\/\",\"logo\":{\"@type\":\"ImageObject\",\"inLanguage\":\"en-US\",\"@id\":\"https:\\\/\\\/www.hotel-panoramic-luz.com\\\/#\\\/schema\\\/logo\\\/image\\\/\",\"url\":\"https:\\\/\\\/www.hotel-panoramic-luz.com\\\/wp-content\\\/uploads\\\/2025\\\/12\\\/logo_hotel_panoramic-n.png\",\"contentUrl\":\"https:\\\/\\\/www.hotel-panoramic-luz.com\\\/wp-content\\\/uploads\\\/2025\\\/12\\\/logo_hotel_panoramic-n.png\",\"width\":880,\"height\":134,\"caption\":\"H\u00f4tel Restaurant Panoramic & des Bains\"},\"image\":{\"@id\":\"https:\\\/\\\/www.hotel-panoramic-luz.com\\\/#\\\/schema\\\/logo\\\/image\\\/\"}}]}<\/script>\n<!-- \/ Yoast SEO plugin. -->","yoast_head_json":{"title":"GDPR - H\u00f4tel Restaurant Panoramic &amp; des Bains","robots":{"index":"index","follow":"follow","max-snippet":"max-snippet:-1","max-image-preview":"max-image-preview:large","max-video-preview":"max-video-preview:-1"},"canonical":"https:\/\/www.hotel-panoramic-luz.com\/en\/gdpr\/","og_locale":"en_US","og_type":"article","og_title":"GDPR - H\u00f4tel Restaurant Panoramic &amp; des Bains","og_description":"[vc_row type=&#8221;full_width_content&#8221; full_screen_row_position=&#8221;middle&#8221; column_margin=&#8221;default&#8221; column_direction=&#8221;default&#8221; column_direction_tablet=&#8221;default&#8221; column_direction_phone=&#8221;default&#8221; scene_position=&#8221;center&#8221; top_padding=&#8221;4%&#8221; bottom_padding=&#8221;8%&#8221; left_padding_desktop=&#8221;60&#8243; constrain_group_2=&#8221;yes&#8221; right_padding_desktop=&#8221;60&#8243; left_padding_tablet=&#8221;18px&#8221; constrain_group_4=&#8221;yes&#8221; right_padding_tablet=&#8221;18px&#8221; text_color=&#8221;dark&#8221; text_align=&#8221;left&#8221; row_border_radius=&#8221;none&#8221; row_border_radius_applies=&#8221;bg&#8221; row_position_desktop=&#8221;default&#8221; row_position_tablet=&#8221;inherit&#8221; row_position_phone=&#8221;inherit&#8221; overflow=&#8221;visible&#8221; overlay_strength=&#8221;0.3&#8243; gradient_direction=&#8221;left_to_right&#8221; shape_divider_position=&#8221;bottom&#8221; bg_image_animation=&#8221;none&#8221; gradient_type=&#8221;default&#8221; shape_type=&#8221;&#8221;][vc_column...","og_url":"https:\/\/www.hotel-panoramic-luz.com\/en\/gdpr\/","og_site_name":"H\u00f4tel Restaurant Panoramic &amp; des Bains","article_modified_time":"2026-03-25T14:44:54+00:00","og_image":[{"width":880,"height":134,"url":"https:\/\/www.hotel-panoramic-luz.com\/wp-content\/uploads\/2025\/12\/logo_hotel_panoramic-n.png","type":"image\/png"}],"twitter_card":"summary_large_image","twitter_misc":{"Est. reading time":"7 minutes"},"schema":{"@context":"https:\/\/schema.org","@graph":[{"@type":"WebPage","@id":"https:\/\/www.hotel-panoramic-luz.com\/en\/gdpr\/","url":"https:\/\/www.hotel-panoramic-luz.com\/en\/gdpr\/","name":"GDPR - H\u00f4tel Restaurant Panoramic &amp; des Bains","isPartOf":{"@id":"https:\/\/www.hotel-panoramic-luz.com\/#website"},"datePublished":"2025-12-03T08:23:09+00:00","dateModified":"2026-03-25T14:44:54+00:00","breadcrumb":{"@id":"https:\/\/www.hotel-panoramic-luz.com\/en\/gdpr\/#breadcrumb"},"inLanguage":"en-US","potentialAction":[{"@type":"ReadAction","target":["https:\/\/www.hotel-panoramic-luz.com\/en\/gdpr\/"]}]},{"@type":"BreadcrumbList","@id":"https:\/\/www.hotel-panoramic-luz.com\/en\/gdpr\/#breadcrumb","itemListElement":[{"@type":"ListItem","position":1,"name":"Accueil","item":"https:\/\/www.hotel-panoramic-luz.com\/en\/hotel-restaurant-panoramic-des-bains\/"},{"@type":"ListItem","position":2,"name":"GDPR"}]},{"@type":"WebSite","@id":"https:\/\/www.hotel-panoramic-luz.com\/#website","url":"https:\/\/www.hotel-panoramic-luz.com\/","name":"H\u00f4tel Restaurant Panoramic & des Bains","description":"H\u00f4tel Restaurant \u00e0 Luz-Saint-Sauveur","publisher":{"@id":"https:\/\/www.hotel-panoramic-luz.com\/#organization"},"potentialAction":[{"@type":"SearchAction","target":{"@type":"EntryPoint","urlTemplate":"https:\/\/www.hotel-panoramic-luz.com\/?s={search_term_string}"},"query-input":{"@type":"PropertyValueSpecification","valueRequired":true,"valueName":"search_term_string"}}],"inLanguage":"en-US"},{"@type":"Organization","@id":"https:\/\/www.hotel-panoramic-luz.com\/#organization","name":"H\u00f4tel Restaurant Panoramic & des Bains","url":"https:\/\/www.hotel-panoramic-luz.com\/","logo":{"@type":"ImageObject","inLanguage":"en-US","@id":"https:\/\/www.hotel-panoramic-luz.com\/#\/schema\/logo\/image\/","url":"https:\/\/www.hotel-panoramic-luz.com\/wp-content\/uploads\/2025\/12\/logo_hotel_panoramic-n.png","contentUrl":"https:\/\/www.hotel-panoramic-luz.com\/wp-content\/uploads\/2025\/12\/logo_hotel_panoramic-n.png","width":880,"height":134,"caption":"H\u00f4tel Restaurant Panoramic & des Bains"},"image":{"@id":"https:\/\/www.hotel-panoramic-luz.com\/#\/schema\/logo\/image\/"}}]}},"_links":{"self":[{"href":"https:\/\/www.hotel-panoramic-luz.com\/en\/wp-json\/wp\/v2\/pages\/324","targetHints":{"allow":["GET"]}}],"collection":[{"href":"https:\/\/www.hotel-panoramic-luz.com\/en\/wp-json\/wp\/v2\/pages"}],"about":[{"href":"https:\/\/www.hotel-panoramic-luz.com\/en\/wp-json\/wp\/v2\/types\/page"}],"author":[{"embeddable":true,"href":"https:\/\/www.hotel-panoramic-luz.com\/en\/wp-json\/wp\/v2\/users\/1"}],"replies":[{"embeddable":true,"href":"https:\/\/www.hotel-panoramic-luz.com\/en\/wp-json\/wp\/v2\/comments?post=324"}],"version-history":[{"count":2,"href":"https:\/\/www.hotel-panoramic-luz.com\/en\/wp-json\/wp\/v2\/pages\/324\/revisions"}],"predecessor-version":[{"id":326,"href":"https:\/\/www.hotel-panoramic-luz.com\/en\/wp-json\/wp\/v2\/pages\/324\/revisions\/326"}],"wp:attachment":[{"href":"https:\/\/www.hotel-panoramic-luz.com\/en\/wp-json\/wp\/v2\/media?parent=324"}],"curies":[{"name":"wp","href":"https:\/\/api.w.org\/{rel}","templated":true}]}}