{"id":185,"date":"2016-09-21T14:34:17","date_gmt":"2016-09-21T12:34:17","guid":{"rendered":"http:\/\/panoramic.novae-developpement.com\/?page_id=185&#038;lang=en"},"modified":"2021-11-05T16:24:29","modified_gmt":"2021-11-05T15:24:29","slug":"contact-location","status":"publish","type":"page","link":"https:\/\/www.hotel-panoramic-luz.com\/en\/contact-location\/","title":{"rendered":"Contact &#038; Location"},"content":{"rendered":"<div class=\"wpb-content-wrapper\"><p>[vc_row][vc_column][vc_column_text]<\/p>\n<h1 style=\"text-align: center;\">Contact<\/h1>\n<p>[\/vc_column_text][vc_row_inner][vc_column_inner width=&#8221;2\/3&#8243;]\n<div class=\"wpcf7 no-js\" id=\"wpcf7-f256-o1\" lang=\"fr-FR\" dir=\"ltr\" data-wpcf7-id=\"256\">\n<div class=\"screen-reader-response\"><p role=\"status\" aria-live=\"polite\" aria-atomic=\"true\"><\/p> <ul><\/ul><\/div>\n<form action=\"\/en\/wp-json\/wp\/v2\/pages\/185#wpcf7-f256-o1\" method=\"post\" class=\"wpcf7-form init\" aria-label=\"Formulaire de contact\" novalidate=\"novalidate\" data-status=\"init\">\n<fieldset class=\"hidden-fields-container\"><input type=\"hidden\" name=\"_wpcf7\" value=\"256\" \/><input type=\"hidden\" name=\"_wpcf7_version\" value=\"6.1.2\" \/><input type=\"hidden\" name=\"_wpcf7_locale\" value=\"fr_FR\" \/><input type=\"hidden\" name=\"_wpcf7_unit_tag\" value=\"wpcf7-f256-o1\" \/><input type=\"hidden\" name=\"_wpcf7_container_post\" value=\"0\" \/><input type=\"hidden\" name=\"_wpcf7_posted_data_hash\" value=\"\" \/><input type=\"hidden\" name=\"_wpcf7_recaptcha_response\" value=\"\" \/>\n<\/fieldset>\n<p><label> Your last name (required)<br \/>\n<span class=\"wpcf7-form-control-wrap\" data-name=\"your-name\"><input size=\"40\" maxlength=\"400\" class=\"wpcf7-form-control wpcf7-text wpcf7-validates-as-required\" aria-required=\"true\" aria-invalid=\"false\" value=\"\" type=\"text\" name=\"your-name\" \/><\/span> <\/label>\n<\/p>\n<p><label> Your first name (required)<br \/>\n<span class=\"wpcf7-form-control-wrap\" data-name=\"text-fname\"><input size=\"40\" maxlength=\"400\" class=\"wpcf7-form-control wpcf7-text wpcf7-validates-as-required\" aria-required=\"true\" aria-invalid=\"false\" value=\"\" type=\"text\" name=\"text-fname\" \/><\/span> <\/label>\n<\/p>\n<p><label> Your phone number (required)<br \/>\n<span class=\"wpcf7-form-control-wrap\" data-name=\"tel-numb\"><input size=\"40\" maxlength=\"400\" class=\"wpcf7-form-control wpcf7-tel wpcf7-validates-as-required wpcf7-text wpcf7-validates-as-tel\" aria-required=\"true\" aria-invalid=\"false\" value=\"\" type=\"tel\" name=\"tel-numb\" \/><\/span> <\/label>\n<\/p>\n<p><label> Your mail (required)<br \/>\n<span class=\"wpcf7-form-control-wrap\" data-name=\"your-email\"><input size=\"40\" maxlength=\"400\" class=\"wpcf7-form-control wpcf7-email wpcf7-validates-as-required wpcf7-text wpcf7-validates-as-email\" aria-required=\"true\" aria-invalid=\"false\" value=\"\" type=\"email\" name=\"your-email\" \/><\/span> <\/label>\n<\/p>\n<p><label> Your message<br \/>\n<span class=\"wpcf7-form-control-wrap\" data-name=\"your-message\"><textarea cols=\"40\" rows=\"10\" maxlength=\"2000\" class=\"wpcf7-form-control wpcf7-textarea\" aria-invalid=\"false\" name=\"your-message\"><\/textarea><\/span> <\/label>\n<\/p>\n<p><input class=\"wpcf7-form-control wpcf7-submit has-spinner\" type=\"submit\" value=\"Send\" \/>\n<\/p><p style=\"display: none !important;\" class=\"akismet-fields-container\" data-prefix=\"_wpcf7_ak_\"><label>&#916;<textarea name=\"_wpcf7_ak_hp_textarea\" cols=\"45\" rows=\"8\" maxlength=\"100\"><\/textarea><\/label><input type=\"hidden\" id=\"ak_js_1\" name=\"_wpcf7_ak_js\" value=\"173\"\/><script>document.getElementById( \"ak_js_1\" ).setAttribute( \"value\", ( new Date() ).getTime() );<\/script><\/p><div class=\"wpcf7-response-output\" aria-hidden=\"true\"><\/div>\n<\/form>\n<\/div>\n[\/vc_column_inner][vc_column_inner width=&#8221;1\/3&#8243;][vc_column_text]<\/p>\n<h3>H\u00d4TEL PANORAMIC &amp; DES BAINS<\/h3>\n<p>30 av. Imp\u00e9ratrice Eug\u00e9nie \u2013 Quartier Thermal 65120 LUZ-SAINT-SAUVEUR<\/p>\n<p class=\"tel\">T\u00e9l. : <a href=\"tel:+33562928014\">05.62.92.80.14<\/a><\/p>\n<p class=\"mail\">Mail : <a href=\"mailto:panoramic.hotel@wanadoo.fr\">panoramic.hotel@wanadoo.fr<\/a><\/p>\n<p>[\/vc_column_text][vc_empty_space height=&#8221;15px&#8221;][vc_column_text]<iframe loading=\"lazy\" style=\"border: none; overflow: hidden;\" src=\"https:\/\/www.facebook.com\/plugins\/page.php?href=https%3A%2F%2Fwww.facebook.com%2Fpanoramicluz%3Ffref%3Dts&amp;tabs=timeline&amp;width=300&amp;height=298&amp;small_header=false&amp;adapt_container_width=true&amp;hide_cover=false&amp;show_facepile=false&amp;appId\" width=\"300\" height=\"298\" frameborder=\"0\" scrolling=\"no\" data-mce-fragment=\"1\"><\/iframe>[\/vc_column_text][\/vc_column_inner][\/vc_row_inner][\/vc_column][\/vc_row][vc_row full_width=&#8221;true&#8221;][vc_column][vc_column_text]<\/p>\n<h1 style=\"text-align: center;\">Situation<\/h1>\n<p>[\/vc_column_text][vc_column_text]<iframe loading=\"lazy\" style=\"border: 0;\" src=\"https:\/\/www.google.com\/maps\/embed?pb=!1m18!1m12!1m3!1d1022822.5731497633!2d-0.03682374865336372!3d42.61704218086281!2m3!1f0!2f0!3f0!3m2!1i1024!2i768!4f13.1!3m3!1m2!1s0xd57dfe28a105495%3A0x3c61b03387d2e9!2sH%C3%B4tel+Panoramic+et+des+Bains!5e0!3m2!1sfr!2sus!4v1474449887287\" width=\"1920\" height=\"600\" frameborder=\"0\" allowfullscreen=\"allowfullscreen\" data-mce-fragment=\"1\"><\/iframe>[\/vc_column_text][\/vc_column][\/vc_row]<\/p>\n<\/div>","protected":false},"excerpt":{"rendered":"<p>[vc_row][vc_column][vc_column_text] Contact [\/vc_column_text][vc_row_inner][vc_column_inner width=&#8221;2\/3&#8243;][\/vc_column_inner][vc_column_inner width=&#8221;1\/3&#8243;][vc_column_text] H\u00d4TEL PANORAMIC &amp; DES BAINS 30 av. Imp\u00e9ratrice Eug\u00e9nie \u2013 Quartier Thermal 65120 LUZ-SAINT-SAUVEUR T\u00e9l. : 05.62.92.80.14 Mail : panoramic.hotel@wanadoo.fr [\/vc_column_text][vc_empty_space height=&#8221;15px&#8221;][vc_column_text][\/vc_column_text][\/vc_column_inner][\/vc_row_inner][\/vc_column][\/vc_row][vc_row full_width=&#8221;true&#8221;][vc_column][vc_column_text] Situation [\/vc_column_text][vc_column_text][\/vc_column_text][\/vc_column][\/vc_row]<\/p>\n","protected":false},"author":1,"featured_media":0,"parent":0,"menu_order":0,"comment_status":"closed","ping_status":"closed","template":"","meta":{"footnotes":""},"class_list":["post-185","page","type-page","status-publish","hentry","description-off"],"_links":{"self":[{"href":"https:\/\/www.hotel-panoramic-luz.com\/en\/wp-json\/wp\/v2\/pages\/185","targetHints":{"allow":["GET"]}}],"collection":[{"href":"https:\/\/www.hotel-panoramic-luz.com\/en\/wp-json\/wp\/v2\/pages"}],"about":[{"href":"https:\/\/www.hotel-panoramic-luz.com\/en\/wp-json\/wp\/v2\/types\/page"}],"author":[{"embeddable":true,"href":"https:\/\/www.hotel-panoramic-luz.com\/en\/wp-json\/wp\/v2\/users\/1"}],"replies":[{"embeddable":true,"href":"https:\/\/www.hotel-panoramic-luz.com\/en\/wp-json\/wp\/v2\/comments?post=185"}],"version-history":[{"count":3,"href":"https:\/\/www.hotel-panoramic-luz.com\/en\/wp-json\/wp\/v2\/pages\/185\/revisions"}],"predecessor-version":[{"id":928,"href":"https:\/\/www.hotel-panoramic-luz.com\/en\/wp-json\/wp\/v2\/pages\/185\/revisions\/928"}],"wp:attachment":[{"href":"https:\/\/www.hotel-panoramic-luz.com\/en\/wp-json\/wp\/v2\/media?parent=185"}],"curies":[{"name":"wp","href":"https:\/\/api.w.org\/{rel}","templated":true}]}}